{"id":3385,"date":"2022-01-15T11:40:44","date_gmt":"2022-03-09T11:47:52","guid":{"rendered":"https:\/\/kindart.is\/product\/gudrun-osvifursdottir\/"},"modified":"2022-03-09T11:47:52","modified_gmt":"2022-03-09T11:47:52","slug":"gudrun-osvifursdottir-2","status":"publish","type":"product","link":"https:\/\/kindart.is\/en\/vara\/gudrun-osvifursdottir-2\/","title":{"rendered":"Gu\u00f0r\u00fan \u00d3sv\u00edfursd\u00f3ttir"},"content":{"rendered":"<p>Gu\u00f0r\u00fan \u00d3sv\u00edfursd\u00f3ttir. A historical poem by Brynj\u00falf J\u00f3nsson from Minna-N\u00fapi. The poem is in 40 chapters marked Roman numerals from I. &#8211; XL. Photo by author.<br \/>\nThe book is (8-112) 120 pages, sewn and in a blue cardboard cover.<\/p>\n<p><strong>Publishing and printing<\/strong> :<br \/>\nHost: Sigur\u00f0ur Kristj\u00e1nsson. Reykjav\u00edk 1892. \u00cdsafoldarprentsmi\u00f0ja.<\/p>\n","protected":false},"excerpt":{"rendered":"<p>Gu\u00f0r\u00fan \u00d3sv\u00edfursd\u00f3ttir. A historical poem by Brynj\u00falf J\u00f3nsson from Minna-N\u00fapi. The poem is in 40 chapters marked Roman numerals from I. &#8211; XL. Photo by author. The book is (8-112) 120 pages, sewn and in a blue cardboard cover. Publishing and printing : Host: Sigur\u00f0ur Kristj\u00e1nsson. Reykjav\u00edk 1892. \u00cdsafoldarprentsmi\u00f0ja.<\/p>\n","protected":false},"featured_media":5077,"template":"","meta":{"slim_seo":{"title":"Gu\u00f0r\u00fan \u00d3sv\u00edfursd\u00f3ttir - KindArt","description":"Gu\u00f0r\u00fan \u00d3sv\u00edfursd\u00f3ttir. A historical poem by Brynj\u00falf J\u00f3nsson from Minna-N\u00fapi. The poem is in 40 chapters marked Roman numerals from I. - XL. Photo by author. Th"}},"product_brand":[],"product_cat":[83],"product_tag":[],"class_list":{"0":"post-3385","1":"product","2":"type-product","3":"status-publish","4":"has-post-thumbnail","6":"product_cat-books","7":"product_shipping_class-small-en","9":"first","10":"instock","11":"sold-individually","12":"purchasable","13":"product-type-simple"},"_links":{"self":[{"href":"https:\/\/kindart.is\/en\/wp-json\/wp\/v2\/product\/3385","targetHints":{"allow":["GET"]}}],"collection":[{"href":"https:\/\/kindart.is\/en\/wp-json\/wp\/v2\/product"}],"about":[{"href":"https:\/\/kindart.is\/en\/wp-json\/wp\/v2\/types\/product"}],"wp:featuredmedia":[{"embeddable":true,"href":"https:\/\/kindart.is\/en\/wp-json\/wp\/v2\/media\/5077"}],"wp:attachment":[{"href":"https:\/\/kindart.is\/en\/wp-json\/wp\/v2\/media?parent=3385"}],"wp:term":[{"taxonomy":"product_brand","embeddable":true,"href":"https:\/\/kindart.is\/en\/wp-json\/wp\/v2\/product_brand?post=3385"},{"taxonomy":"product_cat","embeddable":true,"href":"https:\/\/kindart.is\/en\/wp-json\/wp\/v2\/product_cat?post=3385"},{"taxonomy":"product_tag","embeddable":true,"href":"https:\/\/kindart.is\/en\/wp-json\/wp\/v2\/product_tag?post=3385"}],"curies":[{"name":"wp","href":"https:\/\/api.w.org\/{rel}","templated":true}]}}