{"id":3386,"date":"2022-01-15T11:33:30","date_gmt":"2022-03-09T11:48:22","guid":{"rendered":"https:\/\/kindart.is\/product\/specifications\/"},"modified":"2022-03-09T11:48:22","modified_gmt":"2022-03-09T11:48:22","slug":"specifications","status":"publish","type":"product","link":"https:\/\/kindart.is\/en\/vara\/specifications\/","title":{"rendered":"Specifications"},"content":{"rendered":"<p>Prescriptions by Benedikt Gr\u00f6ndal. A script for script teaching by one of Iceland&#8217;s greatest geniuses in writing and drawing before and after. The book is wire-bound, 28 pages. and cardboard cover in yellow.<\/p>\n<p><strong>Publishing and printing<\/strong> :<br \/>\nPublished by Kristj\u00e1n \u00d3. \u00deorgr\u00edmsson, bookbinder and book publisher in Copenhagen 1883. Produced by Hoffensberg &amp; Trapt Kj\u00f6benhavn. Reissued in Reykjav\u00edk in 1946 and photocopied in Lithoprent.<\/p>\n","protected":false},"excerpt":{"rendered":"<p>Prescriptions by Benedikt Gr\u00f6ndal. A script for script teaching by one of Iceland&#8217;s greatest geniuses in writing and drawing before and after. The book is wire-bound, 28 pages. and cardboard cover in yellow. Publishing and printing : Published by Kristj\u00e1n \u00d3. \u00deorgr\u00edmsson, bookbinder and book publisher in Copenhagen 1883. Produced by Hoffensberg &amp; Trapt Kj\u00f6benhavn. [&hellip;]<\/p>\n","protected":false},"featured_media":2906,"template":"","meta":{"slim_seo":{"title":"Specifications - KindArt","description":"Prescriptions by Benedikt Gr\u00f6ndal. A script for script teaching by one of Iceland's greatest geniuses in writing and drawing before and after. The book is wire-"}},"product_brand":[],"product_cat":[83],"product_tag":[],"class_list":{"0":"post-3386","1":"product","2":"type-product","3":"status-publish","4":"has-post-thumbnail","6":"product_cat-books","7":"product_shipping_class-small-en","9":"first","10":"outofstock","11":"sold-individually","12":"purchasable","13":"product-type-simple"},"_links":{"self":[{"href":"https:\/\/kindart.is\/en\/wp-json\/wp\/v2\/product\/3386","targetHints":{"allow":["GET"]}}],"collection":[{"href":"https:\/\/kindart.is\/en\/wp-json\/wp\/v2\/product"}],"about":[{"href":"https:\/\/kindart.is\/en\/wp-json\/wp\/v2\/types\/product"}],"wp:featuredmedia":[{"embeddable":true,"href":"https:\/\/kindart.is\/en\/wp-json\/wp\/v2\/media\/2906"}],"wp:attachment":[{"href":"https:\/\/kindart.is\/en\/wp-json\/wp\/v2\/media?parent=3386"}],"wp:term":[{"taxonomy":"product_brand","embeddable":true,"href":"https:\/\/kindart.is\/en\/wp-json\/wp\/v2\/product_brand?post=3386"},{"taxonomy":"product_cat","embeddable":true,"href":"https:\/\/kindart.is\/en\/wp-json\/wp\/v2\/product_cat?post=3386"},{"taxonomy":"product_tag","embeddable":true,"href":"https:\/\/kindart.is\/en\/wp-json\/wp\/v2\/product_tag?post=3386"}],"curies":[{"name":"wp","href":"https:\/\/api.w.org\/{rel}","templated":true}]}}