{"id":3387,"date":"2022-01-04T10:52:13","date_gmt":"2022-03-09T11:48:44","guid":{"rendered":"https:\/\/kindart.is\/product\/case\/"},"modified":"2022-03-09T11:48:44","modified_gmt":"2022-03-09T11:48:44","slug":"raeda-2","status":"publish","type":"product","link":"https:\/\/kindart.is\/en\/vara\/raeda-2\/","title":{"rendered":"Case"},"content":{"rendered":"<p><strong>Speech<\/strong> on the 4th Sunday after the Feast of the Holy Trinity 1878 delivered in the cathedral in Reykjav\u00edk by Hallgr\u00edmur Sveinsson, cathedral priest. The book is 1 sheet, 16 pages. Place in a paper cupboard.<\/p>\n<p><strong>Publishing and printing<\/strong> :<br \/>\nKristj\u00e1n \u00d3. \u00deorgr\u00edmsson, Reykjav\u00edk, 1878.<br \/>\nEinar \u00de\u00f3r\u00f0arson&#8217;s printing works.<\/p>\n","protected":false},"excerpt":{"rendered":"<p>Speech on the 4th Sunday after the Feast of the Holy Trinity 1878 delivered in the cathedral in Reykjav\u00edk by Hallgr\u00edmur Sveinsson, cathedral priest. The book is 1 sheet, 16 pages. Place in a paper cupboard. Publishing and printing : Kristj\u00e1n \u00d3. \u00deorgr\u00edmsson, Reykjav\u00edk, 1878. Einar \u00de\u00f3r\u00f0arson&#8217;s printing works.<\/p>\n","protected":false},"featured_media":2870,"template":"","meta":{"slim_seo":{"title":"Case - KindArt","description":"Speech on the 4th Sunday after the Feast of the Holy Trinity 1878 delivered in the cathedral in Reykjav\u00edk by Hallgr\u00edmur Sveinsson, cathedral priest. The book is"}},"product_brand":[],"product_cat":[83],"product_tag":[],"class_list":{"0":"post-3387","1":"product","2":"type-product","3":"status-publish","4":"has-post-thumbnail","6":"product_cat-books","7":"product_shipping_class-small-en","9":"first","10":"instock","11":"sold-individually","12":"purchasable","13":"product-type-simple"},"_links":{"self":[{"href":"https:\/\/kindart.is\/en\/wp-json\/wp\/v2\/product\/3387","targetHints":{"allow":["GET"]}}],"collection":[{"href":"https:\/\/kindart.is\/en\/wp-json\/wp\/v2\/product"}],"about":[{"href":"https:\/\/kindart.is\/en\/wp-json\/wp\/v2\/types\/product"}],"wp:featuredmedia":[{"embeddable":true,"href":"https:\/\/kindart.is\/en\/wp-json\/wp\/v2\/media\/2870"}],"wp:attachment":[{"href":"https:\/\/kindart.is\/en\/wp-json\/wp\/v2\/media?parent=3387"}],"wp:term":[{"taxonomy":"product_brand","embeddable":true,"href":"https:\/\/kindart.is\/en\/wp-json\/wp\/v2\/product_brand?post=3387"},{"taxonomy":"product_cat","embeddable":true,"href":"https:\/\/kindart.is\/en\/wp-json\/wp\/v2\/product_cat?post=3387"},{"taxonomy":"product_tag","embeddable":true,"href":"https:\/\/kindart.is\/en\/wp-json\/wp\/v2\/product_tag?post=3387"}],"curies":[{"name":"wp","href":"https:\/\/api.w.org\/{rel}","templated":true}]}}