{"id":3389,"date":"2022-01-04T10:44:41","date_gmt":"2022-03-09T11:49:39","guid":{"rendered":"https:\/\/kindart.is\/product\/the-photograph\/"},"modified":"2022-03-09T11:49:39","modified_gmt":"2022-03-09T11:49:39","slug":"the-photo","status":"publish","type":"product","link":"https:\/\/kindart.is\/en\/vara\/the-photo\/","title":{"rendered":"The photograph"},"content":{"rendered":"<p>The <strong>photograph<\/strong> by Skugga. A modern love story from Reykjav\u00edk life. Film history. The book is sewn and stapled. The cover image is carved into fabric.<\/p>\n<p><strong>Publishing and printing<\/strong> :<br \/>\nReykjav\u00edk 1935. Prentsmi\u00f0jan \u00e1 Bergsta\u00f0astr\u00e6ti 19.<\/p>\n","protected":false},"excerpt":{"rendered":"<p>The photograph by Skugga. A modern love story from Reykjav\u00edk life. Film history. The book is sewn and stapled. The cover image is carved into fabric. Publishing and printing : Reykjav\u00edk 1935. Prentsmi\u00f0jan \u00e1 Bergsta\u00f0astr\u00e6ti 19.<\/p>\n","protected":false},"featured_media":2860,"template":"","meta":{"slim_seo":{"title":"The photograph - KindArt","description":"The photograph by Skugga. A modern love story from Reykjav\u00edk life. Film history. The book is sewn and stapled. The cover image is carved into fabric. Publishing"}},"product_brand":[],"product_cat":[83],"product_tag":[],"class_list":{"0":"post-3389","1":"product","2":"type-product","3":"status-publish","4":"has-post-thumbnail","6":"product_cat-books","7":"product_shipping_class-small-en","9":"first","10":"outofstock","11":"sold-individually","12":"purchasable","13":"product-type-simple"},"_links":{"self":[{"href":"https:\/\/kindart.is\/en\/wp-json\/wp\/v2\/product\/3389","targetHints":{"allow":["GET"]}}],"collection":[{"href":"https:\/\/kindart.is\/en\/wp-json\/wp\/v2\/product"}],"about":[{"href":"https:\/\/kindart.is\/en\/wp-json\/wp\/v2\/types\/product"}],"wp:featuredmedia":[{"embeddable":true,"href":"https:\/\/kindart.is\/en\/wp-json\/wp\/v2\/media\/2860"}],"wp:attachment":[{"href":"https:\/\/kindart.is\/en\/wp-json\/wp\/v2\/media?parent=3389"}],"wp:term":[{"taxonomy":"product_brand","embeddable":true,"href":"https:\/\/kindart.is\/en\/wp-json\/wp\/v2\/product_brand?post=3389"},{"taxonomy":"product_cat","embeddable":true,"href":"https:\/\/kindart.is\/en\/wp-json\/wp\/v2\/product_cat?post=3389"},{"taxonomy":"product_tag","embeddable":true,"href":"https:\/\/kindart.is\/en\/wp-json\/wp\/v2\/product_tag?post=3389"}],"curies":[{"name":"wp","href":"https:\/\/api.w.org\/{rel}","templated":true}]}}