{"id":3390,"date":"2022-01-04T10:40:21","date_gmt":"2022-03-09T11:50:04","guid":{"rendered":"https:\/\/kindart.is\/product\/north-by-land-1928\/"},"modified":"2022-03-09T11:50:04","modified_gmt":"2022-03-09T11:50:04","slug":"nordur-med-landi-1928-2","status":"publish","type":"product","link":"https:\/\/kindart.is\/en\/vara\/nordur-med-landi-1928-2\/","title":{"rendered":"North by land &#8211; 1928"},"content":{"rendered":"<p><strong>North with land 1928<\/strong> by Finnbogi J. Arndal. The book is bound in a full-length band with 48 photographs and most of them by photographer Karl \u00d3lafsson.<\/p>\n<p><strong>Publishing and printing<\/strong> :<br \/>\nHafnarfj\u00f6r\u00f0ur 1929. Hafnarfj\u00f6r\u00f0ur Printing Works.<\/p>\n","protected":false},"excerpt":{"rendered":"<p>North with land 1928 by Finnbogi J. Arndal. The book is bound in a full-length band with 48 photographs and most of them by photographer Karl \u00d3lafsson. Publishing and printing : Hafnarfj\u00f6r\u00f0ur 1929. Hafnarfj\u00f6r\u00f0ur Printing Works.<\/p>\n","protected":false},"featured_media":2854,"template":"","meta":{"slim_seo":{"title":"North by land - 1928 - KindArt","description":"North with land 1928 by Finnbogi J. Arndal. The book is bound in a full-length band with 48 photographs and most of them by photographer Karl \u00d3lafsson. Publishi"}},"product_brand":[],"product_cat":[83],"product_tag":[],"class_list":{"0":"post-3390","1":"product","2":"type-product","3":"status-publish","4":"has-post-thumbnail","6":"product_cat-books","7":"product_shipping_class-small-en","9":"first","10":"instock","11":"sold-individually","12":"purchasable","13":"product-type-simple"},"_links":{"self":[{"href":"https:\/\/kindart.is\/en\/wp-json\/wp\/v2\/product\/3390","targetHints":{"allow":["GET"]}}],"collection":[{"href":"https:\/\/kindart.is\/en\/wp-json\/wp\/v2\/product"}],"about":[{"href":"https:\/\/kindart.is\/en\/wp-json\/wp\/v2\/types\/product"}],"wp:featuredmedia":[{"embeddable":true,"href":"https:\/\/kindart.is\/en\/wp-json\/wp\/v2\/media\/2854"}],"wp:attachment":[{"href":"https:\/\/kindart.is\/en\/wp-json\/wp\/v2\/media?parent=3390"}],"wp:term":[{"taxonomy":"product_brand","embeddable":true,"href":"https:\/\/kindart.is\/en\/wp-json\/wp\/v2\/product_brand?post=3390"},{"taxonomy":"product_cat","embeddable":true,"href":"https:\/\/kindart.is\/en\/wp-json\/wp\/v2\/product_cat?post=3390"},{"taxonomy":"product_tag","embeddable":true,"href":"https:\/\/kindart.is\/en\/wp-json\/wp\/v2\/product_tag?post=3390"}],"curies":[{"name":"wp","href":"https:\/\/api.w.org\/{rel}","templated":true}]}}