{"id":3392,"date":"2022-01-04T10:31:51","date_gmt":"2022-03-09T11:50:57","guid":{"rendered":"https:\/\/kindart.is\/product\/pediatrics\/"},"modified":"2022-03-09T11:50:57","modified_gmt":"2022-03-09T11:50:57","slug":"pediatrics","status":"publish","type":"product","link":"https:\/\/kindart.is\/en\/vara\/pediatrics\/","title":{"rendered":"Pediatrics"},"content":{"rendered":"<p><strong>Pediatrics<\/strong> , or treatment of infants and advice for their diseases by Dr. Clotar Muller\u00b4s &#8211; Translated and added by Dr. L\u00e1rus P\u00e1lsson.<br \/>\nShirt band on keel, gold. Cover title printed on cladding.<\/p>\n<p><strong>Publishing and printing<\/strong> :<br \/>\nMain sale in Sigf\u00fas Eymundsson&#8217;s Bookstore Reykjav\u00edk 1889. Sigf\u00fas Eymundsson&#8217;s printing works.<\/p>\n","protected":false},"excerpt":{"rendered":"<p>Pediatrics , or treatment of infants and advice for their diseases by Dr. Clotar Muller\u00b4s &#8211; Translated and added by Dr. L\u00e1rus P\u00e1lsson. Shirt band on keel, gold. Cover title printed on cladding. Publishing and printing : Main sale in Sigf\u00fas Eymundsson&#8217;s Bookstore Reykjav\u00edk 1889. Sigf\u00fas Eymundsson&#8217;s printing works.<\/p>\n","protected":false},"featured_media":2845,"template":"","meta":{"slim_seo":{"title":"Pediatrics - KindArt","description":"Pediatrics , or treatment of infants and advice for their diseases by Dr. Clotar Muller\u00b4s - Translated and added by Dr. L\u00e1rus P\u00e1lsson. Shirt band on keel, gold."}},"product_brand":[],"product_cat":[83],"product_tag":[],"class_list":{"0":"post-3392","1":"product","2":"type-product","3":"status-publish","4":"has-post-thumbnail","6":"product_cat-books","7":"product_shipping_class-small-en","9":"first","10":"instock","11":"sold-individually","12":"purchasable","13":"product-type-simple"},"_links":{"self":[{"href":"https:\/\/kindart.is\/en\/wp-json\/wp\/v2\/product\/3392","targetHints":{"allow":["GET"]}}],"collection":[{"href":"https:\/\/kindart.is\/en\/wp-json\/wp\/v2\/product"}],"about":[{"href":"https:\/\/kindart.is\/en\/wp-json\/wp\/v2\/types\/product"}],"wp:featuredmedia":[{"embeddable":true,"href":"https:\/\/kindart.is\/en\/wp-json\/wp\/v2\/media\/2845"}],"wp:attachment":[{"href":"https:\/\/kindart.is\/en\/wp-json\/wp\/v2\/media?parent=3392"}],"wp:term":[{"taxonomy":"product_brand","embeddable":true,"href":"https:\/\/kindart.is\/en\/wp-json\/wp\/v2\/product_brand?post=3392"},{"taxonomy":"product_cat","embeddable":true,"href":"https:\/\/kindart.is\/en\/wp-json\/wp\/v2\/product_cat?post=3392"},{"taxonomy":"product_tag","embeddable":true,"href":"https:\/\/kindart.is\/en\/wp-json\/wp\/v2\/product_tag?post=3392"}],"curies":[{"name":"wp","href":"https:\/\/api.w.org\/{rel}","templated":true}]}}