{"id":3393,"date":"2021-12-31T00:53:19","date_gmt":"2022-03-09T11:51:28","guid":{"rendered":"https:\/\/kindart.is\/product\/the-print-shop-book\/"},"modified":"2022-03-09T11:51:28","modified_gmt":"2022-03-09T11:51:28","slug":"prentsmidjubokin-2","status":"publish","type":"product","link":"https:\/\/kindart.is\/en\/vara\/prentsmidjubokin-2\/","title":{"rendered":"The print shop book"},"content":{"rendered":"<p><strong>The printing workshop book<\/strong> , Svanur J\u00f3hannesson compiled. The book tells about printing works in Iceland from the time printing began at H\u00f3lar in 1530 until 2019.<\/p>\n<p><strong>Publishing and printing<\/strong> :<br \/>\nPublisher: Svanur J\u00f3hannesson in collaboration with Forlagi\u00f0 Reykjav\u00edk 2020, printed in Prentmet Oddi Reykjav\u00edk.<\/p>\n","protected":false},"excerpt":{"rendered":"<p>The printing workshop book , Svanur J\u00f3hannesson compiled. The book tells about printing works in Iceland from the time printing began at H\u00f3lar in 1530 until 2019. Publishing and printing : Publisher: Svanur J\u00f3hannesson in collaboration with Forlagi\u00f0 Reykjav\u00edk 2020, printed in Prentmet Oddi Reykjav\u00edk.<\/p>\n","protected":false},"featured_media":2839,"template":"","meta":{"slim_seo":{"title":"The print shop book - KindArt","description":"The printing workshop book , Svanur J\u00f3hannesson compiled. The book tells about printing works in Iceland from the time printing began at H\u00f3lar in 1530 until 201"}},"product_brand":[],"product_cat":[83],"product_tag":[],"class_list":{"0":"post-3393","1":"product","2":"type-product","3":"status-publish","4":"has-post-thumbnail","6":"product_cat-books","7":"product_shipping_class-small-en","9":"first","10":"instock","11":"purchasable","12":"product-type-simple"},"_links":{"self":[{"href":"https:\/\/kindart.is\/en\/wp-json\/wp\/v2\/product\/3393","targetHints":{"allow":["GET"]}}],"collection":[{"href":"https:\/\/kindart.is\/en\/wp-json\/wp\/v2\/product"}],"about":[{"href":"https:\/\/kindart.is\/en\/wp-json\/wp\/v2\/types\/product"}],"wp:featuredmedia":[{"embeddable":true,"href":"https:\/\/kindart.is\/en\/wp-json\/wp\/v2\/media\/2839"}],"wp:attachment":[{"href":"https:\/\/kindart.is\/en\/wp-json\/wp\/v2\/media?parent=3393"}],"wp:term":[{"taxonomy":"product_brand","embeddable":true,"href":"https:\/\/kindart.is\/en\/wp-json\/wp\/v2\/product_brand?post=3393"},{"taxonomy":"product_cat","embeddable":true,"href":"https:\/\/kindart.is\/en\/wp-json\/wp\/v2\/product_cat?post=3393"},{"taxonomy":"product_tag","embeddable":true,"href":"https:\/\/kindart.is\/en\/wp-json\/wp\/v2\/product_tag?post=3393"}],"curies":[{"name":"wp","href":"https:\/\/api.w.org\/{rel}","templated":true}]}}