{"id":3394,"date":"2021-12-31T00:41:30","date_gmt":"2022-03-09T11:52:42","guid":{"rendered":"https:\/\/kindart.is\/product\/christmas-is-coming\/"},"modified":"2025-10-30T20:37:14","modified_gmt":"2025-10-30T20:37:14","slug":"christmas-is-coming","status":"publish","type":"product","link":"https:\/\/kindart.is\/en\/vara\/christmas-is-coming\/","title":{"rendered":"Christmas is coming"},"content":{"rendered":"<p><strong>Christmas is coming<\/strong> by J\u00f3hannes \u00far K\u00f6tlum translated by Hallberg Hallmundsson. The poems about The Yule Lads, Gr\u00fdla, Leppal\u00fa\u00f0i and J\u00f3lak\u00f6tturinn. Drawings by Tryggvi Magn\u00fasson. Text: J\u00f3hannes \u00far K\u00f6tlum &#8211; Illustrations: Tryggvi Magn\u00fasson &#8211; English translation: Hallberg Hallmundsson.<\/p>\n<p><strong>Publishing and printing<\/strong> :<br \/>\nPublished by Griffla 2015. www.griffla.is &#8211; info @ griffla.is<br \/>\nReykjav\u00edk, Prentsmi\u00f0jan Letterpress<\/p>\n","protected":false},"excerpt":{"rendered":"<p>Christmas is coming by J\u00f3hannes \u00far K\u00f6tlum translated by Hallberg Hallmundsson. The poems about The Yule Lads, Gr\u00fdla, Leppal\u00fa\u00f0i and J\u00f3lak\u00f6tturinn. Drawings by Tryggvi Magn\u00fasson. Text: J\u00f3hannes \u00far K\u00f6tlum &#8211; Illustrations: Tryggvi Magn\u00fasson &#8211; English translation: Hallberg Hallmundsson. Publishing and printing : Published by Griffla 2015. www.griffla.is &#8211; info @ griffla.is Reykjav\u00edk, Prentsmi\u00f0jan Letterpress<\/p>\n","protected":false},"featured_media":2830,"template":"","meta":{"slim_seo":{"title":"Christmas is coming - KindArt","description":"Christmas is coming by J\u00f3hannes \u00far K\u00f6tlum translated by Hallberg Hallmundsson. The poems about The Yule Lads, Gr\u00fdla, Leppal\u00fa\u00f0i and J\u00f3lak\u00f6tturinn. Drawings by Tr"}},"product_brand":[],"product_cat":[83],"product_tag":[],"class_list":{"0":"post-3394","1":"product","2":"type-product","3":"status-publish","4":"has-post-thumbnail","6":"product_cat-books","7":"product_shipping_class-small-en","9":"first","10":"instock","11":"purchasable","12":"product-type-simple"},"_links":{"self":[{"href":"https:\/\/kindart.is\/en\/wp-json\/wp\/v2\/product\/3394","targetHints":{"allow":["GET"]}}],"collection":[{"href":"https:\/\/kindart.is\/en\/wp-json\/wp\/v2\/product"}],"about":[{"href":"https:\/\/kindart.is\/en\/wp-json\/wp\/v2\/types\/product"}],"wp:featuredmedia":[{"embeddable":true,"href":"https:\/\/kindart.is\/en\/wp-json\/wp\/v2\/media\/2830"}],"wp:attachment":[{"href":"https:\/\/kindart.is\/en\/wp-json\/wp\/v2\/media?parent=3394"}],"wp:term":[{"taxonomy":"product_brand","embeddable":true,"href":"https:\/\/kindart.is\/en\/wp-json\/wp\/v2\/product_brand?post=3394"},{"taxonomy":"product_cat","embeddable":true,"href":"https:\/\/kindart.is\/en\/wp-json\/wp\/v2\/product_cat?post=3394"},{"taxonomy":"product_tag","embeddable":true,"href":"https:\/\/kindart.is\/en\/wp-json\/wp\/v2\/product_tag?post=3394"}],"curies":[{"name":"wp","href":"https:\/\/api.w.org\/{rel}","templated":true}]}}