{"id":3395,"date":"2021-12-31T00:25:55","date_gmt":"2022-03-09T11:54:28","guid":{"rendered":"https:\/\/kindart.is\/product\/hveragerdi-is-the-best-place-in-the-world\/"},"modified":"2022-03-09T11:54:28","modified_gmt":"2022-03-09T11:54:28","slug":"hveragerdi-is-the-world-best-place","status":"publish","type":"product","link":"https:\/\/kindart.is\/en\/vara\/hveragerdi-is-the-world-best-place\/","title":{"rendered":"Hverager\u00f0i is the best place in the world"},"content":{"rendered":"<p><strong>Hverager\u00f0i is the best place in the world<\/strong> . Svanur J\u00f3hannesson took over.<br \/>\nHverager\u00f0isbragurinn and other comedies that were performed at the first entertainment of horticulturists and artists in Hverager\u00f0i in 1942 and later.<\/p>\n<p><strong>Publishing and printing<\/strong> :<br \/>\nSecond edition Hverager\u00f0i 2016, Leturprent Reykjav\u00edk.<\/p>\n","protected":false},"excerpt":{"rendered":"<p>Hverager\u00f0i is the best place in the world . Svanur J\u00f3hannesson took over. Hverager\u00f0isbragurinn and other comedies that were performed at the first entertainment of horticulturists and artists in Hverager\u00f0i in 1942 and later. Publishing and printing : Second edition Hverager\u00f0i 2016, Leturprent Reykjav\u00edk.<\/p>\n","protected":false},"featured_media":2826,"template":"","meta":{"slim_seo":{"title":"Hverager\u00f0i is the best place in the world - KindArt","description":"Hverager\u00f0i is the best place in the world . Svanur J\u00f3hannesson took over. Hverager\u00f0isbragurinn and other comedies that were performed at the first entertainment"}},"product_brand":[],"product_cat":[83],"product_tag":[],"class_list":{"0":"post-3395","1":"product","2":"type-product","3":"status-publish","4":"has-post-thumbnail","6":"product_cat-books","7":"product_shipping_class-small-en","9":"first","10":"instock","11":"purchasable","12":"product-type-simple"},"_links":{"self":[{"href":"https:\/\/kindart.is\/en\/wp-json\/wp\/v2\/product\/3395","targetHints":{"allow":["GET"]}}],"collection":[{"href":"https:\/\/kindart.is\/en\/wp-json\/wp\/v2\/product"}],"about":[{"href":"https:\/\/kindart.is\/en\/wp-json\/wp\/v2\/types\/product"}],"wp:featuredmedia":[{"embeddable":true,"href":"https:\/\/kindart.is\/en\/wp-json\/wp\/v2\/media\/2826"}],"wp:attachment":[{"href":"https:\/\/kindart.is\/en\/wp-json\/wp\/v2\/media?parent=3395"}],"wp:term":[{"taxonomy":"product_brand","embeddable":true,"href":"https:\/\/kindart.is\/en\/wp-json\/wp\/v2\/product_brand?post=3395"},{"taxonomy":"product_cat","embeddable":true,"href":"https:\/\/kindart.is\/en\/wp-json\/wp\/v2\/product_cat?post=3395"},{"taxonomy":"product_tag","embeddable":true,"href":"https:\/\/kindart.is\/en\/wp-json\/wp\/v2\/product_tag?post=3395"}],"curies":[{"name":"wp","href":"https:\/\/api.w.org\/{rel}","templated":true}]}}