{"id":3396,"date":"2021-12-31T00:16:19","date_gmt":"2022-03-09T11:55:35","guid":{"rendered":"https:\/\/kindart.is\/product\/vestmannaeyjar-printing-book\/"},"modified":"2022-03-09T11:55:35","modified_gmt":"2022-03-09T11:55:35","slug":"prentsmidjubok-vestmannaeyja-2","status":"publish","type":"product","link":"https:\/\/kindart.is\/en\/vara\/prentsmidjubok-vestmannaeyja-2\/","title":{"rendered":"Vestmannaeyjar Printing Book"},"content":{"rendered":"<p><strong>Vestmannaeyjar Printing Book<\/strong> . Svanur J\u00f3hannesson took over.<br \/>\nHere is the history of printing in the Westman Islands and the origin and operation of all known printing plants in the Islands. The history of Prentsmi\u00f0ja Vestmannaeyjar and Prentsmi\u00f0ja Gu\u00f0j\u00f3nsbr\u00e6\u00f0ur and the origins of the first printing presses that were bought there are also traced.<\/p>\n<p><strong>Publishing and printing<\/strong> :<br \/>\nPublisher Vestmannaeyjar Library, Vestmannaeyjar in November 2020. Prentsmi\u00f0jan Prentun \/ Leturprent Reykjav\u00edk.<\/p>\n","protected":false},"excerpt":{"rendered":"<p>Vestmannaeyjar Printing Book . Svanur J\u00f3hannesson took over. Here is the history of printing in the Westman Islands and the origin and operation of all known printing plants in the Islands. The history of Prentsmi\u00f0ja Vestmannaeyjar and Prentsmi\u00f0ja Gu\u00f0j\u00f3nsbr\u00e6\u00f0ur and the origins of the first printing presses that were bought there are also traced. Publishing [&hellip;]<\/p>\n","protected":false},"featured_media":2820,"template":"","meta":{"slim_seo":{"title":"Vestmannaeyjar Printing Book - KindArt","description":"Vestmannaeyjar Printing Book . Svanur J\u00f3hannesson took over. Here is the history of printing in the Westman Islands and the origin and operation of all known pr"}},"product_brand":[],"product_cat":[83],"product_tag":[],"class_list":{"0":"post-3396","1":"product","2":"type-product","3":"status-publish","4":"has-post-thumbnail","6":"product_cat-books","7":"product_shipping_class-small-en","9":"first","10":"instock","11":"purchasable","12":"product-type-simple"},"_links":{"self":[{"href":"https:\/\/kindart.is\/en\/wp-json\/wp\/v2\/product\/3396","targetHints":{"allow":["GET"]}}],"collection":[{"href":"https:\/\/kindart.is\/en\/wp-json\/wp\/v2\/product"}],"about":[{"href":"https:\/\/kindart.is\/en\/wp-json\/wp\/v2\/types\/product"}],"wp:featuredmedia":[{"embeddable":true,"href":"https:\/\/kindart.is\/en\/wp-json\/wp\/v2\/media\/2820"}],"wp:attachment":[{"href":"https:\/\/kindart.is\/en\/wp-json\/wp\/v2\/media?parent=3396"}],"wp:term":[{"taxonomy":"product_brand","embeddable":true,"href":"https:\/\/kindart.is\/en\/wp-json\/wp\/v2\/product_brand?post=3396"},{"taxonomy":"product_cat","embeddable":true,"href":"https:\/\/kindart.is\/en\/wp-json\/wp\/v2\/product_cat?post=3396"},{"taxonomy":"product_tag","embeddable":true,"href":"https:\/\/kindart.is\/en\/wp-json\/wp\/v2\/product_tag?post=3396"}],"curies":[{"name":"wp","href":"https:\/\/api.w.org\/{rel}","templated":true}]}}