{"id":3397,"date":"2021-12-31T00:08:04","date_gmt":"2022-03-09T12:04:25","guid":{"rendered":"https:\/\/kindart.is\/product\/johannes-little-book-of-poems\/"},"modified":"2022-03-09T12:04:25","modified_gmt":"2022-03-09T12:04:25","slug":"visnakver-johannesar-2","status":"publish","type":"product","link":"https:\/\/kindart.is\/en\/vara\/visnakver-johannesar-2\/","title":{"rendered":"J\u00f3hannes&#8217; Little Book of Poems"},"content":{"rendered":"<p><strong>V\u00edsnakver J\u00f3hannesar<\/strong> &#8211; Svanur J\u00f3hannesson compiled<br \/>\nLausav\u00edsur J\u00f3hannesar \u00far K\u00f6tlar which were written on various occasions.<\/p>\n<p><strong>Publishing and printing<\/strong> :<br \/>\nGriffla published 1, and 2. print, oct. and Dec. 2016.<\/p>\n","protected":false},"excerpt":{"rendered":"<p>V\u00edsnakver J\u00f3hannesar &#8211; Svanur J\u00f3hannesson compiled Lausav\u00edsur J\u00f3hannesar \u00far K\u00f6tlar which were written on various occasions. Publishing and printing : Griffla published 1, and 2. print, oct. and Dec. 2016.<\/p>\n","protected":false},"featured_media":2812,"template":"","meta":{"slim_seo":{"title":"J\u00f3hannes' Little Book of Poems - KindArt","description":"V\u00edsnakver J\u00f3hannesar - Svanur J\u00f3hannesson compiled Lausav\u00edsur J\u00f3hannesar \u00far K\u00f6tlar which were written on various occasions. Publishing and printing : Griffla pu"}},"product_brand":[],"product_cat":[83],"product_tag":[],"class_list":{"0":"post-3397","1":"product","2":"type-product","3":"status-publish","4":"has-post-thumbnail","6":"product_cat-books","7":"product_shipping_class-small-en","9":"first","10":"instock","11":"purchasable","12":"product-type-simple"},"_links":{"self":[{"href":"https:\/\/kindart.is\/en\/wp-json\/wp\/v2\/product\/3397","targetHints":{"allow":["GET"]}}],"collection":[{"href":"https:\/\/kindart.is\/en\/wp-json\/wp\/v2\/product"}],"about":[{"href":"https:\/\/kindart.is\/en\/wp-json\/wp\/v2\/types\/product"}],"wp:featuredmedia":[{"embeddable":true,"href":"https:\/\/kindart.is\/en\/wp-json\/wp\/v2\/media\/2812"}],"wp:attachment":[{"href":"https:\/\/kindart.is\/en\/wp-json\/wp\/v2\/media?parent=3397"}],"wp:term":[{"taxonomy":"product_brand","embeddable":true,"href":"https:\/\/kindart.is\/en\/wp-json\/wp\/v2\/product_brand?post=3397"},{"taxonomy":"product_cat","embeddable":true,"href":"https:\/\/kindart.is\/en\/wp-json\/wp\/v2\/product_cat?post=3397"},{"taxonomy":"product_tag","embeddable":true,"href":"https:\/\/kindart.is\/en\/wp-json\/wp\/v2\/product_tag?post=3397"}],"curies":[{"name":"wp","href":"https:\/\/api.w.org\/{rel}","templated":true}]}}