{"id":3398,"date":"2021-12-30T17:43:06","date_gmt":"2022-03-09T12:05:06","guid":{"rendered":"https:\/\/kindart.is\/product\/textbook-in-english\/"},"modified":"2022-03-09T12:05:06","modified_gmt":"2022-03-09T12:05:06","slug":"textbook-in-english-language","status":"publish","type":"product","link":"https:\/\/kindart.is\/en\/vara\/textbook-in-english-language\/","title":{"rendered":"Textbook in English"},"content":{"rendered":"<p><strong>Textbook in English<\/strong> . By Halld\u00f3r Briem cand. theol.<br \/>\nThe book is bound in a shirting band on the keel and corner, golden and shaggy.<\/p>\n<p><strong>Publishing and printing<\/strong> :<br \/>\nSecond edition. Reworked. Reykjav\u00edk 1875. Landsprentsmi\u00f0jan &#8211; Einar \u00de\u00f3r\u00f0arson.<\/p>\n","protected":false},"excerpt":{"rendered":"<p>Textbook in English . By Halld\u00f3r Briem cand. theol. The book is bound in a shirting band on the keel and corner, golden and shaggy. Publishing and printing : Second edition. Reworked. Reykjav\u00edk 1875. Landsprentsmi\u00f0jan &#8211; Einar \u00de\u00f3r\u00f0arson.<\/p>\n","protected":false},"featured_media":2808,"template":"","meta":{"slim_seo":{"title":"Textbook in English - KindArt","description":"Textbook in English . By Halld\u00f3r Briem cand. theol. The book is bound in a shirting band on the keel and corner, golden and shaggy. Publishing and printing : Se"}},"product_brand":[],"product_cat":[83],"product_tag":[],"class_list":{"0":"post-3398","1":"product","2":"type-product","3":"status-publish","4":"has-post-thumbnail","6":"product_cat-books","7":"product_shipping_class-small-en","9":"first","10":"instock","11":"sold-individually","12":"purchasable","13":"product-type-simple"},"_links":{"self":[{"href":"https:\/\/kindart.is\/en\/wp-json\/wp\/v2\/product\/3398","targetHints":{"allow":["GET"]}}],"collection":[{"href":"https:\/\/kindart.is\/en\/wp-json\/wp\/v2\/product"}],"about":[{"href":"https:\/\/kindart.is\/en\/wp-json\/wp\/v2\/types\/product"}],"wp:featuredmedia":[{"embeddable":true,"href":"https:\/\/kindart.is\/en\/wp-json\/wp\/v2\/media\/2808"}],"wp:attachment":[{"href":"https:\/\/kindart.is\/en\/wp-json\/wp\/v2\/media?parent=3398"}],"wp:term":[{"taxonomy":"product_brand","embeddable":true,"href":"https:\/\/kindart.is\/en\/wp-json\/wp\/v2\/product_brand?post=3398"},{"taxonomy":"product_cat","embeddable":true,"href":"https:\/\/kindart.is\/en\/wp-json\/wp\/v2\/product_cat?post=3398"},{"taxonomy":"product_tag","embeddable":true,"href":"https:\/\/kindart.is\/en\/wp-json\/wp\/v2\/product_tag?post=3398"}],"curies":[{"name":"wp","href":"https:\/\/api.w.org\/{rel}","templated":true}]}}