{"id":3399,"date":"2021-12-30T17:38:25","date_gmt":"2022-03-09T12:06:09","guid":{"rendered":"https:\/\/kindart.is\/product\/he-and-she\/"},"modified":"2022-03-09T12:06:09","modified_gmt":"2022-03-09T12:06:09","slug":"he-and-she","status":"publish","type":"product","link":"https:\/\/kindart.is\/en\/vara\/he-and-she\/","title":{"rendered":"He and she"},"content":{"rendered":"<p><strong>He and she<\/strong> by Kristofer Janson &#8211; ISK H. J\u00f3nsson translated. Love story. Tied to shirtingsband keel and corner. &#8211; Old band, rather shabby.<\/p>\n<p><strong>Publishing and printing<\/strong> :<br \/>\n\u00cdsafj\u00f6r\u00f0ur 1904, Prentsmi\u00f0ja Vestra.<\/p>\n","protected":false},"excerpt":{"rendered":"<p>He and she by Kristofer Janson &#8211; ISK H. J\u00f3nsson translated. Love story. Tied to shirtingsband keel and corner. &#8211; Old band, rather shabby. Publishing and printing : \u00cdsafj\u00f6r\u00f0ur 1904, Prentsmi\u00f0ja Vestra.<\/p>\n","protected":false},"featured_media":2804,"template":"","meta":{"slim_seo":{"title":"He and she - KindArt","description":"He and she by Kristofer Janson - ISK H. J\u00f3nsson translated. Love story. Tied to shirtingsband keel and corner. - Old band, rather shabby. Publishing and printin"}},"product_brand":[],"product_cat":[83],"product_tag":[],"class_list":{"0":"post-3399","1":"product","2":"type-product","3":"status-publish","4":"has-post-thumbnail","6":"product_cat-books","7":"product_shipping_class-small-en","9":"first","10":"instock","11":"sold-individually","12":"purchasable","13":"product-type-simple"},"_links":{"self":[{"href":"https:\/\/kindart.is\/en\/wp-json\/wp\/v2\/product\/3399","targetHints":{"allow":["GET"]}}],"collection":[{"href":"https:\/\/kindart.is\/en\/wp-json\/wp\/v2\/product"}],"about":[{"href":"https:\/\/kindart.is\/en\/wp-json\/wp\/v2\/types\/product"}],"wp:featuredmedia":[{"embeddable":true,"href":"https:\/\/kindart.is\/en\/wp-json\/wp\/v2\/media\/2804"}],"wp:attachment":[{"href":"https:\/\/kindart.is\/en\/wp-json\/wp\/v2\/media?parent=3399"}],"wp:term":[{"taxonomy":"product_brand","embeddable":true,"href":"https:\/\/kindart.is\/en\/wp-json\/wp\/v2\/product_brand?post=3399"},{"taxonomy":"product_cat","embeddable":true,"href":"https:\/\/kindart.is\/en\/wp-json\/wp\/v2\/product_cat?post=3399"},{"taxonomy":"product_tag","embeddable":true,"href":"https:\/\/kindart.is\/en\/wp-json\/wp\/v2\/product_tag?post=3399"}],"curies":[{"name":"wp","href":"https:\/\/api.w.org\/{rel}","templated":true}]}}