{"id":3402,"date":"2021-12-30T17:23:13","date_gmt":"2022-03-09T12:07:03","guid":{"rendered":"https:\/\/kindart.is\/product\/the-battle-of-the-mill\/"},"modified":"2022-03-09T12:07:03","modified_gmt":"2022-03-09T12:07:03","slug":"orustan-vid-mylluna-2","status":"publish","type":"product","link":"https:\/\/kindart.is\/en\/vara\/orustan-vid-mylluna-2\/","title":{"rendered":"The battle of the mill"},"content":{"rendered":"<p><strong>The Battle of the Mill<\/strong> &#8211; by Emile Zola &#8211; A Story from the German-French War of 1871. \u00deorsteinn G\u00edslason translated.<br \/>\nThe book is bound in a shirtingsband on the keel &#8211; Cladding, snowy and shabby, especially on the corners.<\/p>\n<p><strong>Publishing and printing<\/strong> :<br \/>\nSpecial print from <em>Bjarki<\/em> (Footnote History) Sey\u00f0isfj\u00f6r\u00f0ur 1903. Sey\u00f0isfj\u00f6r\u00f0ur printing works.<\/p>\n","protected":false},"excerpt":{"rendered":"<p>The Battle of the Mill &#8211; by Emile Zola &#8211; A Story from the German-French War of 1871. \u00deorsteinn G\u00edslason translated. The book is bound in a shirtingsband on the keel &#8211; Cladding, snowy and shabby, especially on the corners. Publishing and printing : Special print from Bjarki (Footnote History) Sey\u00f0isfj\u00f6r\u00f0ur 1903. Sey\u00f0isfj\u00f6r\u00f0ur printing works.<\/p>\n","protected":false},"featured_media":2792,"template":"","meta":{"slim_seo":{"title":"The battle of the mill - KindArt","description":"The Battle of the Mill - by Emile Zola - A Story from the German-French War of 1871. \u00deorsteinn G\u00edslason translated. The book is bound in a shirtingsband on the"}},"product_brand":[],"product_cat":[83],"product_tag":[],"class_list":{"0":"post-3402","1":"product","2":"type-product","3":"status-publish","4":"has-post-thumbnail","6":"product_cat-books","7":"product_shipping_class-small-en","9":"first","10":"instock","11":"sold-individually","12":"purchasable","13":"product-type-simple"},"_links":{"self":[{"href":"https:\/\/kindart.is\/en\/wp-json\/wp\/v2\/product\/3402","targetHints":{"allow":["GET"]}}],"collection":[{"href":"https:\/\/kindart.is\/en\/wp-json\/wp\/v2\/product"}],"about":[{"href":"https:\/\/kindart.is\/en\/wp-json\/wp\/v2\/types\/product"}],"wp:featuredmedia":[{"embeddable":true,"href":"https:\/\/kindart.is\/en\/wp-json\/wp\/v2\/media\/2792"}],"wp:attachment":[{"href":"https:\/\/kindart.is\/en\/wp-json\/wp\/v2\/media?parent=3402"}],"wp:term":[{"taxonomy":"product_brand","embeddable":true,"href":"https:\/\/kindart.is\/en\/wp-json\/wp\/v2\/product_brand?post=3402"},{"taxonomy":"product_cat","embeddable":true,"href":"https:\/\/kindart.is\/en\/wp-json\/wp\/v2\/product_cat?post=3402"},{"taxonomy":"product_tag","embeddable":true,"href":"https:\/\/kindart.is\/en\/wp-json\/wp\/v2\/product_tag?post=3402"}],"curies":[{"name":"wp","href":"https:\/\/api.w.org\/{rel}","templated":true}]}}