{"id":3403,"date":"2021-12-29T16:50:07","date_gmt":"2022-03-09T12:07:28","guid":{"rendered":"https:\/\/kindart.is\/product\/the-story-of-skald-helga\/"},"modified":"2022-03-09T12:07:28","modified_gmt":"2022-03-09T12:07:28","slug":"sagan-af-skald-helga-2","status":"publish","type":"product","link":"https:\/\/kindart.is\/en\/vara\/sagan-af-skald-helga-2\/","title":{"rendered":"The story of Sk\u00e1ld-Helga"},"content":{"rendered":"<p><strong>The story of Sk\u00e1ld-Helga<\/strong><br \/>\nTied to shirtingsband keel and cladding, unblemished.<\/p>\n<p><strong>Publishing and printing<\/strong> :<br \/>\nHost: Sigf\u00fas Eymundsson Reykjav\u00edk, 1897. Printing Workshop Programs.<\/p>\n","protected":false},"excerpt":{"rendered":"<p>The story of Sk\u00e1ld-Helga Tied to shirtingsband keel and cladding, unblemished. Publishing and printing : Host: Sigf\u00fas Eymundsson Reykjav\u00edk, 1897. Printing Workshop Programs.<\/p>\n","protected":false},"featured_media":2786,"template":"","meta":{"slim_seo":{"title":"The story of Sk\u00e1ld-Helga - KindArt","description":"The story of Sk\u00e1ld-Helga Tied to shirtingsband keel and cladding, unblemished. Publishing and printing : Host: Sigf\u00fas Eymundsson Reykjav\u00edk, 1897. Printing Works"}},"product_brand":[],"product_cat":[83],"product_tag":[],"class_list":{"0":"post-3403","1":"product","2":"type-product","3":"status-publish","4":"has-post-thumbnail","6":"product_cat-books","7":"product_shipping_class-small-en","9":"first","10":"outofstock","11":"sold-individually","12":"purchasable","13":"product-type-simple"},"_links":{"self":[{"href":"https:\/\/kindart.is\/en\/wp-json\/wp\/v2\/product\/3403","targetHints":{"allow":["GET"]}}],"collection":[{"href":"https:\/\/kindart.is\/en\/wp-json\/wp\/v2\/product"}],"about":[{"href":"https:\/\/kindart.is\/en\/wp-json\/wp\/v2\/types\/product"}],"wp:featuredmedia":[{"embeddable":true,"href":"https:\/\/kindart.is\/en\/wp-json\/wp\/v2\/media\/2786"}],"wp:attachment":[{"href":"https:\/\/kindart.is\/en\/wp-json\/wp\/v2\/media?parent=3403"}],"wp:term":[{"taxonomy":"product_brand","embeddable":true,"href":"https:\/\/kindart.is\/en\/wp-json\/wp\/v2\/product_brand?post=3403"},{"taxonomy":"product_cat","embeddable":true,"href":"https:\/\/kindart.is\/en\/wp-json\/wp\/v2\/product_cat?post=3403"},{"taxonomy":"product_tag","embeddable":true,"href":"https:\/\/kindart.is\/en\/wp-json\/wp\/v2\/product_tag?post=3403"}],"curies":[{"name":"wp","href":"https:\/\/api.w.org\/{rel}","templated":true}]}}