{"id":3404,"date":"2021-12-29T16:42:09","date_gmt":"2022-03-09T12:07:50","guid":{"rendered":"https:\/\/kindart.is\/product\/violet\/"},"modified":"2022-03-09T12:07:50","modified_gmt":"2022-03-09T12:07:50","slug":"fjola-2","status":"publish","type":"product","link":"https:\/\/kindart.is\/en\/vara\/fjola-2\/","title":{"rendered":"Violet"},"content":{"rendered":"<p>Fj\u00f3la, an excellent collection of Icelandic poems<br \/>\nTied to shirtingsband keel and corner, gold.<\/p>\n<p><strong>Publishing and printing<\/strong> :<br \/>\nPublisher: Hannes \u00deorsteinsson Reykjav\u00edk 1904. \u00dej\u00f3\u00f0\u00f3lfur&#8217;s printing works.<\/p>\n","protected":false},"excerpt":{"rendered":"<p>Fj\u00f3la, an excellent collection of Icelandic poems Tied to shirtingsband keel and corner, gold. Publishing and printing : Publisher: Hannes \u00deorsteinsson Reykjav\u00edk 1904. \u00dej\u00f3\u00f0\u00f3lfur&#8217;s printing works.<\/p>\n","protected":false},"featured_media":2782,"template":"","meta":{"slim_seo":{"title":"Violet - KindArt","description":"Fj\u00f3la, an excellent collection of Icelandic poems Tied to shirtingsband keel and corner, gold. Publishing and printing : Publisher: Hannes \u00deorsteinsson Reykjav\u00ed"}},"product_brand":[],"product_cat":[83],"product_tag":[],"class_list":{"0":"post-3404","1":"product","2":"type-product","3":"status-publish","4":"has-post-thumbnail","6":"product_cat-books","7":"product_shipping_class-small-en","9":"first","10":"instock","11":"sold-individually","12":"purchasable","13":"product-type-simple"},"_links":{"self":[{"href":"https:\/\/kindart.is\/en\/wp-json\/wp\/v2\/product\/3404","targetHints":{"allow":["GET"]}}],"collection":[{"href":"https:\/\/kindart.is\/en\/wp-json\/wp\/v2\/product"}],"about":[{"href":"https:\/\/kindart.is\/en\/wp-json\/wp\/v2\/types\/product"}],"wp:featuredmedia":[{"embeddable":true,"href":"https:\/\/kindart.is\/en\/wp-json\/wp\/v2\/media\/2782"}],"wp:attachment":[{"href":"https:\/\/kindart.is\/en\/wp-json\/wp\/v2\/media?parent=3404"}],"wp:term":[{"taxonomy":"product_brand","embeddable":true,"href":"https:\/\/kindart.is\/en\/wp-json\/wp\/v2\/product_brand?post=3404"},{"taxonomy":"product_cat","embeddable":true,"href":"https:\/\/kindart.is\/en\/wp-json\/wp\/v2\/product_cat?post=3404"},{"taxonomy":"product_tag","embeddable":true,"href":"https:\/\/kindart.is\/en\/wp-json\/wp\/v2\/product_tag?post=3404"}],"curies":[{"name":"wp","href":"https:\/\/api.w.org\/{rel}","templated":true}]}}