{"id":3405,"date":"2021-12-29T16:31:08","date_gmt":"2022-03-09T12:08:17","guid":{"rendered":"https:\/\/kindart.is\/product\/flea-history\/"},"modified":"2022-03-09T12:08:17","modified_gmt":"2022-03-09T12:08:17","slug":"floamanna-saga-2","status":"publish","type":"product","link":"https:\/\/kindart.is\/en\/vara\/floamanna-saga-2\/","title":{"rendered":"Flea history"},"content":{"rendered":"<p>Fl\u00f3amanna story with a foreword by \u00deorleif J\u00f3nsson from Skinnasta\u00f0 and a list of names. Beautifully printed book, sewn but missing volume around.<\/p>\n<p><strong>Publishing and printing<\/strong> :<br \/>\n\u00deorleifur J\u00f3nsson published at the expense of Sigmund Gu\u00f0mundsson. Reykjav\u00edk 1884. Sigmund Gu\u00f0mundsson&#8217;s printing works.<\/p>\n","protected":false},"excerpt":{"rendered":"<p>Fl\u00f3amanna story with a foreword by \u00deorleif J\u00f3nsson from Skinnasta\u00f0 and a list of names. Beautifully printed book, sewn but missing volume around. Publishing and printing : \u00deorleifur J\u00f3nsson published at the expense of Sigmund Gu\u00f0mundsson. Reykjav\u00edk 1884. Sigmund Gu\u00f0mundsson&#8217;s printing works.<\/p>\n","protected":false},"featured_media":2776,"template":"","meta":{"slim_seo":{"title":"Flea history - KindArt","description":"Fl\u00f3amanna story with a foreword by \u00deorleif J\u00f3nsson from Skinnasta\u00f0 and a list of names. Beautifully printed book, sewn but missing volume around. Publishing and"}},"product_brand":[],"product_cat":[83],"product_tag":[],"class_list":{"0":"post-3405","1":"product","2":"type-product","3":"status-publish","4":"has-post-thumbnail","6":"product_cat-books","7":"product_shipping_class-small-en","9":"first","10":"outofstock","11":"sold-individually","12":"purchasable","13":"product-type-simple"},"_links":{"self":[{"href":"https:\/\/kindart.is\/en\/wp-json\/wp\/v2\/product\/3405","targetHints":{"allow":["GET"]}}],"collection":[{"href":"https:\/\/kindart.is\/en\/wp-json\/wp\/v2\/product"}],"about":[{"href":"https:\/\/kindart.is\/en\/wp-json\/wp\/v2\/types\/product"}],"wp:featuredmedia":[{"embeddable":true,"href":"https:\/\/kindart.is\/en\/wp-json\/wp\/v2\/media\/2776"}],"wp:attachment":[{"href":"https:\/\/kindart.is\/en\/wp-json\/wp\/v2\/media?parent=3405"}],"wp:term":[{"taxonomy":"product_brand","embeddable":true,"href":"https:\/\/kindart.is\/en\/wp-json\/wp\/v2\/product_brand?post=3405"},{"taxonomy":"product_cat","embeddable":true,"href":"https:\/\/kindart.is\/en\/wp-json\/wp\/v2\/product_cat?post=3405"},{"taxonomy":"product_tag","embeddable":true,"href":"https:\/\/kindart.is\/en\/wp-json\/wp\/v2\/product_tag?post=3405"}],"curies":[{"name":"wp","href":"https:\/\/api.w.org\/{rel}","templated":true}]}}