{"id":3406,"date":"2021-12-29T16:00:09","date_gmt":"2022-03-09T12:08:38","guid":{"rendered":"https:\/\/kindart.is\/product\/comics\/"},"modified":"2022-03-09T12:08:38","modified_gmt":"2022-03-09T12:08:38","slug":"comedy-by-benedikt-grundal","status":"publish","type":"product","link":"https:\/\/kindart.is\/en\/vara\/comedy-by-benedikt-grundal\/","title":{"rendered":"Comics"},"content":{"rendered":"<p>Comics by Benedikt Gr\u00f6ndal; The story of the Battle of Heljarsl\u00f3\u00f0 and \u00de\u00f3r\u00f0ur the story of Geirmundarson. Foreword by \u00c1rs\u00e6l \u00c1rnason bookbinder.<br \/>\nA rather worn copy in a contemporary shirting band on a keel, marble cladding but worn on corners.<\/p>\n<p><strong>Publishing and printing<\/strong> :<br \/>\n\u00c1rs\u00e6l \u00c1rnason&#8217;s bookstore Reykjav\u00edk 1921, ACTA printing works.<\/p>\n","protected":false},"excerpt":{"rendered":"<p>Comics by Benedikt Gr\u00f6ndal; The story of the Battle of Heljarsl\u00f3\u00f0 and \u00de\u00f3r\u00f0ur the story of Geirmundarson. Foreword by \u00c1rs\u00e6l \u00c1rnason bookbinder. A rather worn copy in a contemporary shirting band on a keel, marble cladding but worn on corners. Publishing and printing : \u00c1rs\u00e6l \u00c1rnason&#8217;s bookstore Reykjav\u00edk 1921, ACTA printing works.<\/p>\n","protected":false},"featured_media":2769,"template":"","meta":{"slim_seo":{"title":"Comics - KindArt","description":"Comics by Benedikt Gr\u00f6ndal; The story of the Battle of Heljarsl\u00f3\u00f0 and \u00de\u00f3r\u00f0ur the story of Geirmundarson. Foreword by \u00c1rs\u00e6l \u00c1rnason bookbinder. A rather worn cop"}},"product_brand":[],"product_cat":[83],"product_tag":[],"class_list":{"0":"post-3406","1":"product","2":"type-product","3":"status-publish","4":"has-post-thumbnail","6":"product_cat-books","7":"product_shipping_class-small-en","9":"first","10":"instock","11":"sold-individually","12":"purchasable","13":"product-type-simple"},"_links":{"self":[{"href":"https:\/\/kindart.is\/en\/wp-json\/wp\/v2\/product\/3406","targetHints":{"allow":["GET"]}}],"collection":[{"href":"https:\/\/kindart.is\/en\/wp-json\/wp\/v2\/product"}],"about":[{"href":"https:\/\/kindart.is\/en\/wp-json\/wp\/v2\/types\/product"}],"wp:featuredmedia":[{"embeddable":true,"href":"https:\/\/kindart.is\/en\/wp-json\/wp\/v2\/media\/2769"}],"wp:attachment":[{"href":"https:\/\/kindart.is\/en\/wp-json\/wp\/v2\/media?parent=3406"}],"wp:term":[{"taxonomy":"product_brand","embeddable":true,"href":"https:\/\/kindart.is\/en\/wp-json\/wp\/v2\/product_brand?post=3406"},{"taxonomy":"product_cat","embeddable":true,"href":"https:\/\/kindart.is\/en\/wp-json\/wp\/v2\/product_cat?post=3406"},{"taxonomy":"product_tag","embeddable":true,"href":"https:\/\/kindart.is\/en\/wp-json\/wp\/v2\/product_tag?post=3406"}],"curies":[{"name":"wp","href":"https:\/\/api.w.org\/{rel}","templated":true}]}}