{"id":3433,"date":"2022-04-03T10:34:02","date_gmt":"2022-04-03T10:36:41","guid":{"rendered":"https:\/\/kindart.is\/product\/almanac-1875-1916-and-1923-1931\/"},"modified":"2022-04-03T10:36:41","modified_gmt":"2022-04-03T10:36:41","slug":"almanac-1875-1916-and-1923-1931","status":"publish","type":"product","link":"https:\/\/kindart.is\/en\/vara\/almanac-1875-1916-and-1923-1931\/","title":{"rendered":"Almanac 1875 &#8211; 1916 and 1923 &#8211; 1931"},"content":{"rendered":"<p><strong>Almanac 1875 &#8211; 1916<\/strong> , 11 books and <strong>1923 &#8211; 1931<\/strong> , 3 books.<br \/>\nThis is the Almanac \u00dej\u00f3\u00f0vinaf\u00e9lagsins this year and is bound in a baseband in green shirting on the keel and corner and gold on the keel, covered with greenish card paper in style.<\/p>\n<p><strong>Publishing and printing<\/strong> :<br \/>\nAlmanac \u00dej\u00f3\u00f0vinaf\u00e9lagsins has been published every year since 1875, usually at the end of the year. It was mostly printed by JH Schultz in Copenhagen, but also in Rosenberg&#8217;s Printing Works in Copenhagen. It was then printed at the Gutenberg printing works.<\/p>\n","protected":false},"excerpt":{"rendered":"<p>Almanac 1875 &#8211; 1916 , 11 books and 1923 &#8211; 1931 , 3 books. This is the Almanac \u00dej\u00f3\u00f0vinaf\u00e9lagsins this year and is bound in a baseband in green shirting on the keel and corner and gold on the keel, covered with greenish card paper in style. Publishing and printing : Almanac \u00dej\u00f3\u00f0vinaf\u00e9lagsins has been [&hellip;]<\/p>\n","protected":false},"featured_media":3427,"template":"","meta":{"slim_seo":{"title":"Almanac 1875 - 1916 and 1923 - 1931 - KindArt","description":"Almanac 1875 - 1916 , 11 books and 1923 - 1931 , 3 books. This is the Almanac \u00dej\u00f3\u00f0vinaf\u00e9lagsins this year and is bound in a baseband in green shirting on the ke"}},"product_brand":[],"product_cat":[83],"product_tag":[],"class_list":{"0":"post-3433","1":"product","2":"type-product","3":"status-publish","4":"has-post-thumbnail","6":"product_cat-books","7":"product_shipping_class-large-en","9":"first","10":"outofstock","11":"sold-individually","12":"purchasable","13":"product-type-simple"},"_links":{"self":[{"href":"https:\/\/kindart.is\/en\/wp-json\/wp\/v2\/product\/3433","targetHints":{"allow":["GET"]}}],"collection":[{"href":"https:\/\/kindart.is\/en\/wp-json\/wp\/v2\/product"}],"about":[{"href":"https:\/\/kindart.is\/en\/wp-json\/wp\/v2\/types\/product"}],"wp:featuredmedia":[{"embeddable":true,"href":"https:\/\/kindart.is\/en\/wp-json\/wp\/v2\/media\/3427"}],"wp:attachment":[{"href":"https:\/\/kindart.is\/en\/wp-json\/wp\/v2\/media?parent=3433"}],"wp:term":[{"taxonomy":"product_brand","embeddable":true,"href":"https:\/\/kindart.is\/en\/wp-json\/wp\/v2\/product_brand?post=3433"},{"taxonomy":"product_cat","embeddable":true,"href":"https:\/\/kindart.is\/en\/wp-json\/wp\/v2\/product_cat?post=3433"},{"taxonomy":"product_tag","embeddable":true,"href":"https:\/\/kindart.is\/en\/wp-json\/wp\/v2\/product_tag?post=3433"}],"curies":[{"name":"wp","href":"https:\/\/api.w.org\/{rel}","templated":true}]}}