{"id":3440,"date":"2022-04-03T10:40:18","date_gmt":"2022-04-03T10:41:36","guid":{"rendered":"https:\/\/kindart.is\/product\/fjallakunstner-segir-fra\/"},"modified":"2022-04-03T10:41:36","modified_gmt":"2022-04-03T10:41:36","slug":"mountain-artist-says-from","status":"publish","type":"product","link":"https:\/\/kindart.is\/en\/vara\/mountain-artist-says-from\/","title":{"rendered":"Fjallak\u00fanstner segir fr\u00e1"},"content":{"rendered":"<p><strong>Fjallak\u00fanstner by<\/strong> Pjetur Hafstein L\u00e1russon. &#8211; Kilja<\/p>\n<p><strong>Publishing and printing<\/strong> :<br \/>\nSkrudda issued. Reykjav\u00edk 2009. Prentsmi\u00f0jan Oddi.<\/p>\n","protected":false},"excerpt":{"rendered":"<p>Fjallak\u00fanstner by Pjetur Hafstein L\u00e1russon. &#8211; Kilja Publishing and printing : Skrudda issued. Reykjav\u00edk 2009. Prentsmi\u00f0jan Oddi.<\/p>\n","protected":false},"featured_media":3437,"template":"","meta":{"slim_seo":{"title":"Fjallak\u00fanstner segir fr\u00e1 - KindArt","description":"Fjallak\u00fanstner by Pjetur Hafstein L\u00e1russon. - Kilja Publishing and printing : Skrudda issued. Reykjav\u00edk 2009. Prentsmi\u00f0jan Oddi."}},"product_brand":[],"product_cat":[83],"product_tag":[],"class_list":{"0":"post-3440","1":"product","2":"type-product","3":"status-publish","4":"has-post-thumbnail","6":"product_cat-books","7":"product_shipping_class-small-en","9":"first","10":"instock","11":"sold-individually","12":"purchasable","13":"product-type-simple"},"_links":{"self":[{"href":"https:\/\/kindart.is\/en\/wp-json\/wp\/v2\/product\/3440","targetHints":{"allow":["GET"]}}],"collection":[{"href":"https:\/\/kindart.is\/en\/wp-json\/wp\/v2\/product"}],"about":[{"href":"https:\/\/kindart.is\/en\/wp-json\/wp\/v2\/types\/product"}],"wp:featuredmedia":[{"embeddable":true,"href":"https:\/\/kindart.is\/en\/wp-json\/wp\/v2\/media\/3437"}],"wp:attachment":[{"href":"https:\/\/kindart.is\/en\/wp-json\/wp\/v2\/media?parent=3440"}],"wp:term":[{"taxonomy":"product_brand","embeddable":true,"href":"https:\/\/kindart.is\/en\/wp-json\/wp\/v2\/product_brand?post=3440"},{"taxonomy":"product_cat","embeddable":true,"href":"https:\/\/kindart.is\/en\/wp-json\/wp\/v2\/product_cat?post=3440"},{"taxonomy":"product_tag","embeddable":true,"href":"https:\/\/kindart.is\/en\/wp-json\/wp\/v2\/product_tag?post=3440"}],"curies":[{"name":"wp","href":"https:\/\/api.w.org\/{rel}","templated":true}]}}