{"id":3453,"date":"2022-04-03T10:44:03","date_gmt":"2022-04-03T10:51:12","guid":{"rendered":"https:\/\/kindart.is\/product\/hlidin-a-slettunni\/"},"modified":"2022-04-03T10:51:12","modified_gmt":"2022-04-03T10:51:12","slug":"hlidin-a-slettunni-2","status":"publish","type":"product","link":"https:\/\/kindart.is\/en\/vara\/hlidin-a-slettunni-2\/","title":{"rendered":"Hli\u00f0in \u00e1 sl\u00e9ttunni"},"content":{"rendered":"<p><strong>Hli\u00f0in \u00e1 sl\u00e9ttunni<\/strong> Book of poems by Stef\u00e1n H\u00f6r\u00f0 Gr\u00edmsson. The book is sewn and stapled in a cardboard cover.<\/p>\n<p><strong>Publishing and printing<\/strong> :<br \/>\nHelgafell published. Reykjav\u00edk 1970. Viking print.<\/p>\n","protected":false},"excerpt":{"rendered":"<p>Hli\u00f0in \u00e1 sl\u00e9ttunni Book of poems by Stef\u00e1n H\u00f6r\u00f0 Gr\u00edmsson. The book is sewn and stapled in a cardboard cover. Publishing and printing : Helgafell published. Reykjav\u00edk 1970. Viking print.<\/p>\n","protected":false},"featured_media":3444,"template":"","meta":{"slim_seo":{"title":"Hli\u00f0in \u00e1 sl\u00e9ttunni - KindArt","description":"Hli\u00f0in \u00e1 sl\u00e9ttunni Book of poems by Stef\u00e1n H\u00f6r\u00f0 Gr\u00edmsson. The book is sewn and stapled in a cardboard cover. Publishing and printing : Helgafell published. Reyk"}},"product_brand":[],"product_cat":[83],"product_tag":[],"class_list":{"0":"post-3453","1":"product","2":"type-product","3":"status-publish","4":"has-post-thumbnail","6":"product_cat-books","7":"product_shipping_class-small-en","9":"first","10":"outofstock","11":"sold-individually","12":"purchasable","13":"product-type-simple"},"_links":{"self":[{"href":"https:\/\/kindart.is\/en\/wp-json\/wp\/v2\/product\/3453","targetHints":{"allow":["GET"]}}],"collection":[{"href":"https:\/\/kindart.is\/en\/wp-json\/wp\/v2\/product"}],"about":[{"href":"https:\/\/kindart.is\/en\/wp-json\/wp\/v2\/types\/product"}],"wp:featuredmedia":[{"embeddable":true,"href":"https:\/\/kindart.is\/en\/wp-json\/wp\/v2\/media\/3444"}],"wp:attachment":[{"href":"https:\/\/kindart.is\/en\/wp-json\/wp\/v2\/media?parent=3453"}],"wp:term":[{"taxonomy":"product_brand","embeddable":true,"href":"https:\/\/kindart.is\/en\/wp-json\/wp\/v2\/product_brand?post=3453"},{"taxonomy":"product_cat","embeddable":true,"href":"https:\/\/kindart.is\/en\/wp-json\/wp\/v2\/product_cat?post=3453"},{"taxonomy":"product_tag","embeddable":true,"href":"https:\/\/kindart.is\/en\/wp-json\/wp\/v2\/product_tag?post=3453"}],"curies":[{"name":"wp","href":"https:\/\/api.w.org\/{rel}","templated":true}]}}