{"id":3456,"date":"2022-04-03T10:48:13","date_gmt":"2022-04-03T10:51:28","guid":{"rendered":"https:\/\/kindart.is\/product\/listen-to-the-light\/"},"modified":"2022-04-03T10:51:28","modified_gmt":"2022-04-03T10:51:28","slug":"listen-a-ljosid","status":"publish","type":"product","link":"https:\/\/kindart.is\/en\/vara\/listen-a-ljosid\/","title":{"rendered":"Listen to the light"},"content":{"rendered":"<p><strong>Listen to the light<\/strong> . Book of poems by Nj\u00f6r\u00f0 P. Njar\u00f0v\u00edk. Bound in synthetic material, gilded on the keel with a protective cover.<\/p>\n<p><strong>Publishing and printing<\/strong> :<br \/>\nUppheimar published. Reykjav\u00edk 2009. Prentsmi\u00f0jan Oddi.<\/p>\n","protected":false},"excerpt":{"rendered":"<p>Listen to the light . Book of poems by Nj\u00f6r\u00f0 P. Njar\u00f0v\u00edk. Bound in synthetic material, gilded on the keel with a protective cover. Publishing and printing : Uppheimar published. Reykjav\u00edk 2009. Prentsmi\u00f0jan Oddi.<\/p>\n","protected":false},"featured_media":3450,"template":"","meta":{"slim_seo":{"title":"Listen to the light - KindArt","description":"Listen to the light . Book of poems by Nj\u00f6r\u00f0 P. Njar\u00f0v\u00edk. Bound in synthetic material, gilded on the keel with a protective cover. Publishing and printing : Upp"}},"product_brand":[],"product_cat":[83],"product_tag":[],"class_list":{"0":"post-3456","1":"product","2":"type-product","3":"status-publish","4":"has-post-thumbnail","6":"product_cat-books","7":"product_shipping_class-small-en","9":"first","10":"outofstock","11":"sold-individually","12":"purchasable","13":"product-type-simple"},"_links":{"self":[{"href":"https:\/\/kindart.is\/en\/wp-json\/wp\/v2\/product\/3456","targetHints":{"allow":["GET"]}}],"collection":[{"href":"https:\/\/kindart.is\/en\/wp-json\/wp\/v2\/product"}],"about":[{"href":"https:\/\/kindart.is\/en\/wp-json\/wp\/v2\/types\/product"}],"wp:featuredmedia":[{"embeddable":true,"href":"https:\/\/kindart.is\/en\/wp-json\/wp\/v2\/media\/3450"}],"wp:attachment":[{"href":"https:\/\/kindart.is\/en\/wp-json\/wp\/v2\/media?parent=3456"}],"wp:term":[{"taxonomy":"product_brand","embeddable":true,"href":"https:\/\/kindart.is\/en\/wp-json\/wp\/v2\/product_brand?post=3456"},{"taxonomy":"product_cat","embeddable":true,"href":"https:\/\/kindart.is\/en\/wp-json\/wp\/v2\/product_cat?post=3456"},{"taxonomy":"product_tag","embeddable":true,"href":"https:\/\/kindart.is\/en\/wp-json\/wp\/v2\/product_tag?post=3456"}],"curies":[{"name":"wp","href":"https:\/\/api.w.org\/{rel}","templated":true}]}}