{"id":3472,"date":"2022-04-03T11:01:21","date_gmt":"2022-04-03T11:02:19","guid":{"rendered":"https:\/\/kindart.is\/product\/harmony\/"},"modified":"2022-04-03T11:02:19","modified_gmt":"2022-04-03T11:02:19","slug":"harmony","status":"publish","type":"product","link":"https:\/\/kindart.is\/en\/vara\/harmony\/","title":{"rendered":"Harmony"},"content":{"rendered":"<p><strong>Harmony<\/strong> . Poems by 11 women in K\u00f3pavogur. Editor: \u00de\u00f3r\u00f0ur Helgason.<\/p>\n<p><strong>Publishing and printing<\/strong> :<br \/>\nThe authors published. K\u00f3pavogur 2007. Print processing: Small print.<\/p>\n","protected":false},"excerpt":{"rendered":"<p>Harmony . Poems by 11 women in K\u00f3pavogur. Editor: \u00de\u00f3r\u00f0ur Helgason. Publishing and printing : The authors published. K\u00f3pavogur 2007. Print processing: Small print.<\/p>\n","protected":false},"featured_media":3468,"template":"","meta":{"slim_seo":{"title":"Harmony - KindArt","description":"Harmony . Poems by 11 women in K\u00f3pavogur. Editor: \u00de\u00f3r\u00f0ur Helgason. Publishing and printing : The authors published. K\u00f3pavogur 2007. Print processing: Small prin"}},"product_brand":[],"product_cat":[83],"product_tag":[],"class_list":{"0":"post-3472","1":"product","2":"type-product","3":"status-publish","4":"has-post-thumbnail","6":"product_cat-books","7":"product_shipping_class-small-en","9":"first","10":"instock","11":"sold-individually","12":"purchasable","13":"product-type-simple"},"_links":{"self":[{"href":"https:\/\/kindart.is\/en\/wp-json\/wp\/v2\/product\/3472","targetHints":{"allow":["GET"]}}],"collection":[{"href":"https:\/\/kindart.is\/en\/wp-json\/wp\/v2\/product"}],"about":[{"href":"https:\/\/kindart.is\/en\/wp-json\/wp\/v2\/types\/product"}],"wp:featuredmedia":[{"embeddable":true,"href":"https:\/\/kindart.is\/en\/wp-json\/wp\/v2\/media\/3468"}],"wp:attachment":[{"href":"https:\/\/kindart.is\/en\/wp-json\/wp\/v2\/media?parent=3472"}],"wp:term":[{"taxonomy":"product_brand","embeddable":true,"href":"https:\/\/kindart.is\/en\/wp-json\/wp\/v2\/product_brand?post=3472"},{"taxonomy":"product_cat","embeddable":true,"href":"https:\/\/kindart.is\/en\/wp-json\/wp\/v2\/product_cat?post=3472"},{"taxonomy":"product_tag","embeddable":true,"href":"https:\/\/kindart.is\/en\/wp-json\/wp\/v2\/product_tag?post=3472"}],"curies":[{"name":"wp","href":"https:\/\/api.w.org\/{rel}","templated":true}]}}