{"id":3486,"date":"2022-04-03T11:14:44","date_gmt":"2022-04-03T11:16:15","guid":{"rendered":"https:\/\/kindart.is\/product\/a-mirror-of-a-nation\/"},"modified":"2022-04-03T11:16:15","modified_gmt":"2022-04-03T11:16:15","slug":"mirror-thjodar","status":"publish","type":"product","link":"https:\/\/kindart.is\/en\/vara\/mirror-thjodar\/","title":{"rendered":"A mirror of a nation"},"content":{"rendered":"<p><strong>Spegill<\/strong> \u00fej\u00f3\u00f0ar &#8211; Social critique by Nj\u00f6r\u00f0 P. Njar\u00f0v\u00edk &#8211; Soft Cover<\/p>\n<p><strong>Publishing and printing<\/strong> :<br \/>\nUppheimar published. Reykjav\u00edk 2010. Prentsmi\u00f0jan Oddi.<\/p>\n","protected":false},"excerpt":{"rendered":"<p>Spegill \u00fej\u00f3\u00f0ar &#8211; Social critique by Nj\u00f6r\u00f0 P. Njar\u00f0v\u00edk &#8211; Soft Cover Publishing and printing : Uppheimar published. Reykjav\u00edk 2010. Prentsmi\u00f0jan Oddi.<\/p>\n","protected":false},"featured_media":3484,"template":"","meta":{"slim_seo":{"title":"A mirror of a nation - KindArt","description":"Spegill \u00fej\u00f3\u00f0ar - Social critique by Nj\u00f6r\u00f0 P. Njar\u00f0v\u00edk - Soft Cover Publishing and printing : Uppheimar published. Reykjav\u00edk 2010. Prentsmi\u00f0jan Oddi."}},"product_brand":[],"product_cat":[83],"product_tag":[],"class_list":{"0":"post-3486","1":"product","2":"type-product","3":"status-publish","4":"has-post-thumbnail","6":"product_cat-books","7":"product_shipping_class-small-en","9":"first","10":"outofstock","11":"sold-individually","12":"purchasable","13":"product-type-simple"},"_links":{"self":[{"href":"https:\/\/kindart.is\/en\/wp-json\/wp\/v2\/product\/3486","targetHints":{"allow":["GET"]}}],"collection":[{"href":"https:\/\/kindart.is\/en\/wp-json\/wp\/v2\/product"}],"about":[{"href":"https:\/\/kindart.is\/en\/wp-json\/wp\/v2\/types\/product"}],"wp:featuredmedia":[{"embeddable":true,"href":"https:\/\/kindart.is\/en\/wp-json\/wp\/v2\/media\/3484"}],"wp:attachment":[{"href":"https:\/\/kindart.is\/en\/wp-json\/wp\/v2\/media?parent=3486"}],"wp:term":[{"taxonomy":"product_brand","embeddable":true,"href":"https:\/\/kindart.is\/en\/wp-json\/wp\/v2\/product_brand?post=3486"},{"taxonomy":"product_cat","embeddable":true,"href":"https:\/\/kindart.is\/en\/wp-json\/wp\/v2\/product_cat?post=3486"},{"taxonomy":"product_tag","embeddable":true,"href":"https:\/\/kindart.is\/en\/wp-json\/wp\/v2\/product_tag?post=3486"}],"curies":[{"name":"wp","href":"https:\/\/api.w.org\/{rel}","templated":true}]}}