{"id":3493,"date":"2022-04-03T11:18:39","date_gmt":"2022-04-03T11:20:13","guid":{"rendered":"https:\/\/kindart.is\/product\/young-poems\/"},"modified":"2022-04-03T11:20:13","modified_gmt":"2022-04-03T11:20:13","slug":"ung-ljod-2","status":"publish","type":"product","link":"https:\/\/kindart.is\/en\/vara\/ung-ljod-2\/","title":{"rendered":"Young poems"},"content":{"rendered":"<p><strong>Young poems<\/strong> by N\u00edna Bj\u00f6rk \u00c1rnad\u00f3ttir. Her first book of poetry. The book is glued to the cover.<\/p>\n<p><strong>Publishing and printing<\/strong> :<br \/>\nThe book was first published by Helgafell Reykjav\u00edk in 1965, but this is the 2nd. its printing, and was copied in Letter 1981.<\/p>\n","protected":false},"excerpt":{"rendered":"<p>Young poems by N\u00edna Bj\u00f6rk \u00c1rnad\u00f3ttir. Her first book of poetry. The book is glued to the cover. Publishing and printing : The book was first published by Helgafell Reykjav\u00edk in 1965, but this is the 2nd. its printing, and was copied in Letter 1981.<\/p>\n","protected":false},"featured_media":3489,"template":"","meta":{"slim_seo":{"title":"Young poems - KindArt","description":"Young poems by N\u00edna Bj\u00f6rk \u00c1rnad\u00f3ttir. Her first book of poetry. The book is glued to the cover. Publishing and printing : The book was first published by Helgaf"}},"product_brand":[],"product_cat":[83],"product_tag":[],"class_list":{"0":"post-3493","1":"product","2":"type-product","3":"status-publish","4":"has-post-thumbnail","6":"product_cat-books","7":"product_shipping_class-small-en","9":"first","10":"outofstock","11":"sold-individually","12":"purchasable","13":"product-type-simple"},"_links":{"self":[{"href":"https:\/\/kindart.is\/en\/wp-json\/wp\/v2\/product\/3493","targetHints":{"allow":["GET"]}}],"collection":[{"href":"https:\/\/kindart.is\/en\/wp-json\/wp\/v2\/product"}],"about":[{"href":"https:\/\/kindart.is\/en\/wp-json\/wp\/v2\/types\/product"}],"wp:featuredmedia":[{"embeddable":true,"href":"https:\/\/kindart.is\/en\/wp-json\/wp\/v2\/media\/3489"}],"wp:attachment":[{"href":"https:\/\/kindart.is\/en\/wp-json\/wp\/v2\/media?parent=3493"}],"wp:term":[{"taxonomy":"product_brand","embeddable":true,"href":"https:\/\/kindart.is\/en\/wp-json\/wp\/v2\/product_brand?post=3493"},{"taxonomy":"product_cat","embeddable":true,"href":"https:\/\/kindart.is\/en\/wp-json\/wp\/v2\/product_cat?post=3493"},{"taxonomy":"product_tag","embeddable":true,"href":"https:\/\/kindart.is\/en\/wp-json\/wp\/v2\/product_tag?post=3493"}],"curies":[{"name":"wp","href":"https:\/\/api.w.org\/{rel}","templated":true}]}}