{"id":3500,"date":"2022-04-03T11:23:33","date_gmt":"2022-04-03T11:24:53","guid":{"rendered":"https:\/\/kindart.is\/product\/this-morning\/"},"modified":"2022-04-03T11:24:53","modified_gmt":"2022-04-03T11:24:53","slug":"over-heathen-morning","status":"publish","type":"product","link":"https:\/\/kindart.is\/en\/vara\/over-heathen-morning\/","title":{"rendered":"This morning"},"content":{"rendered":"<p><strong>This morning<\/strong> . Book of poems by Stef\u00e1n H\u00f6r\u00f0 Gr\u00edmsson. 64 p. Wrapped in synthetic material with a protective cover.<\/p>\n<p><strong>Publishing and printing<\/strong> :<br \/>\nLanguage and culture. Reykjav\u00edk 1989. Prentsmi\u00f0jan Oddi.<\/p>\n","protected":false},"excerpt":{"rendered":"<p>This morning . Book of poems by Stef\u00e1n H\u00f6r\u00f0 Gr\u00edmsson. 64 p. Wrapped in synthetic material with a protective cover. Publishing and printing : Language and culture. Reykjav\u00edk 1989. Prentsmi\u00f0jan Oddi.<\/p>\n","protected":false},"featured_media":3496,"template":"","meta":{"slim_seo":{"title":"This morning - KindArt","description":"This morning . Book of poems by Stef\u00e1n H\u00f6r\u00f0 Gr\u00edmsson. 64 p. Wrapped in synthetic material with a protective cover. Publishing and printing : Language and cultur"}},"product_brand":[],"product_cat":[83],"product_tag":[],"class_list":{"0":"post-3500","1":"product","2":"type-product","3":"status-publish","4":"has-post-thumbnail","6":"product_cat-books","7":"product_shipping_class-small-en","9":"first","10":"outofstock","11":"sold-individually","12":"purchasable","13":"product-type-simple"},"_links":{"self":[{"href":"https:\/\/kindart.is\/en\/wp-json\/wp\/v2\/product\/3500","targetHints":{"allow":["GET"]}}],"collection":[{"href":"https:\/\/kindart.is\/en\/wp-json\/wp\/v2\/product"}],"about":[{"href":"https:\/\/kindart.is\/en\/wp-json\/wp\/v2\/types\/product"}],"wp:featuredmedia":[{"embeddable":true,"href":"https:\/\/kindart.is\/en\/wp-json\/wp\/v2\/media\/3496"}],"wp:attachment":[{"href":"https:\/\/kindart.is\/en\/wp-json\/wp\/v2\/media?parent=3500"}],"wp:term":[{"taxonomy":"product_brand","embeddable":true,"href":"https:\/\/kindart.is\/en\/wp-json\/wp\/v2\/product_brand?post=3500"},{"taxonomy":"product_cat","embeddable":true,"href":"https:\/\/kindart.is\/en\/wp-json\/wp\/v2\/product_cat?post=3500"},{"taxonomy":"product_tag","embeddable":true,"href":"https:\/\/kindart.is\/en\/wp-json\/wp\/v2\/product_tag?post=3500"}],"curies":[{"name":"wp","href":"https:\/\/api.w.org\/{rel}","templated":true}]}}