{"id":3578,"date":"2022-04-07T18:48:45","date_gmt":"2022-04-07T18:48:45","guid":{"rendered":"https:\/\/kindart.is\/?post_type=product&#038;p=3578"},"modified":"2023-09-08T16:29:39","modified_gmt":"2023-09-08T16:29:39","slug":"fe-a-fjalli-mountain-sheep-50x200-cm","status":"publish","type":"product","link":"https:\/\/kindart.is\/en\/vara\/fe-a-fjalli-mountain-sheep-50x200-cm\/","title":{"rendered":"F\u00e9 \u00e1 fjalli \/ Mountain Sheep (50&#215;200 cm)"},"content":{"rendered":"<p>Akr\u00fdl \/ bl\u00f6ndu\u00f0 t\u00e6kni \u00e1 striga, 50&#215;200 cm<\/p>\n<p>Acrylic \/ mixed media on canvas, 50&#215;200 cm<\/p>\n<p>(2022)<\/p>\n","protected":false},"excerpt":{"rendered":"<p>Akr\u00fdl \/ bl\u00f6ndu\u00f0 t\u00e6kni \u00e1 striga, 50&#215;200 cm Acrylic \/ mixed media on canvas, 50&#215;200 cm (2022)<\/p>\n","protected":false},"featured_media":3579,"template":"","meta":{"slim_seo":{"title":"F\u00e9 \u00e1 fjalli \/ Mountain Sheep (50x200 cm) - KindArt","description":"Akr\u00fdl \/ bl\u00f6ndu\u00f0 t\u00e6kni \u00e1 striga, 50x200 cm Acrylic \/ mixed media on canvas, 50x200 cm (2022)"}},"product_brand":[],"product_cat":[67],"product_tag":[],"class_list":{"0":"post-3578","1":"product","2":"type-product","3":"status-publish","4":"has-post-thumbnail","6":"product_cat-sold","7":"product_shipping_class-stor","9":"first","10":"outofstock","11":"sold-individually","12":"purchasable","13":"product-type-simple"},"_links":{"self":[{"href":"https:\/\/kindart.is\/en\/wp-json\/wp\/v2\/product\/3578","targetHints":{"allow":["GET"]}}],"collection":[{"href":"https:\/\/kindart.is\/en\/wp-json\/wp\/v2\/product"}],"about":[{"href":"https:\/\/kindart.is\/en\/wp-json\/wp\/v2\/types\/product"}],"wp:featuredmedia":[{"embeddable":true,"href":"https:\/\/kindart.is\/en\/wp-json\/wp\/v2\/media\/3579"}],"wp:attachment":[{"href":"https:\/\/kindart.is\/en\/wp-json\/wp\/v2\/media?parent=3578"}],"wp:term":[{"taxonomy":"product_brand","embeddable":true,"href":"https:\/\/kindart.is\/en\/wp-json\/wp\/v2\/product_brand?post=3578"},{"taxonomy":"product_cat","embeddable":true,"href":"https:\/\/kindart.is\/en\/wp-json\/wp\/v2\/product_cat?post=3578"},{"taxonomy":"product_tag","embeddable":true,"href":"https:\/\/kindart.is\/en\/wp-json\/wp\/v2\/product_tag?post=3578"}],"curies":[{"name":"wp","href":"https:\/\/api.w.org\/{rel}","templated":true}]}}