{"id":3582,"date":"2022-04-07T18:55:44","date_gmt":"2022-04-07T18:55:44","guid":{"rendered":"https:\/\/kindart.is\/?post_type=product&#038;p=3582"},"modified":"2022-05-28T11:26:23","modified_gmt":"2022-05-28T11:26:23","slug":"i-utveri-at-the-shore-50x120-cm","status":"publish","type":"product","link":"https:\/\/kindart.is\/en\/vara\/i-utveri-at-the-shore-50x120-cm\/","title":{"rendered":"\u00cd \u00fatveri \/ At the shore (50&#215;120 cm)"},"content":{"rendered":"<p>Akr\u00fdl \/ bl\u00f6ndu\u00f0 t\u00e6kni \u00e1 striga, 50&#215;120 cm<\/p>\n<p>Acrylic \/ mixed media on canvas, 50&#215;120 cm<\/p>\n<p>(2022)<\/p>\n","protected":false},"excerpt":{"rendered":"<p>Akr\u00fdl \/ bl\u00f6ndu\u00f0 t\u00e6kni \u00e1 striga, 50&#215;120 cm Acrylic \/ mixed media on canvas, 50&#215;120 cm (2022)<\/p>\n","protected":false},"featured_media":3583,"template":"","meta":{"slim_seo":{"title":"\u00cd \u00fatveri \/ At the shore (50x120 cm) - KindArt","description":"Akr\u00fdl \/ bl\u00f6ndu\u00f0 t\u00e6kni \u00e1 striga, 50x120 cm Acrylic \/ mixed media on canvas, 50x120 cm (2022)"}},"product_brand":[],"product_cat":[56],"product_tag":[],"class_list":{"0":"post-3582","1":"product","2":"type-product","3":"status-publish","4":"has-post-thumbnail","6":"product_cat-listaverk","7":"product_shipping_class-stor","9":"first","10":"instock","11":"sold-individually","12":"purchasable","13":"product-type-simple"},"_links":{"self":[{"href":"https:\/\/kindart.is\/en\/wp-json\/wp\/v2\/product\/3582","targetHints":{"allow":["GET"]}}],"collection":[{"href":"https:\/\/kindart.is\/en\/wp-json\/wp\/v2\/product"}],"about":[{"href":"https:\/\/kindart.is\/en\/wp-json\/wp\/v2\/types\/product"}],"wp:featuredmedia":[{"embeddable":true,"href":"https:\/\/kindart.is\/en\/wp-json\/wp\/v2\/media\/3583"}],"wp:attachment":[{"href":"https:\/\/kindart.is\/en\/wp-json\/wp\/v2\/media?parent=3582"}],"wp:term":[{"taxonomy":"product_brand","embeddable":true,"href":"https:\/\/kindart.is\/en\/wp-json\/wp\/v2\/product_brand?post=3582"},{"taxonomy":"product_cat","embeddable":true,"href":"https:\/\/kindart.is\/en\/wp-json\/wp\/v2\/product_cat?post=3582"},{"taxonomy":"product_tag","embeddable":true,"href":"https:\/\/kindart.is\/en\/wp-json\/wp\/v2\/product_tag?post=3582"}],"curies":[{"name":"wp","href":"https:\/\/api.w.org\/{rel}","templated":true}]}}