{"id":3586,"date":"2022-04-07T19:04:03","date_gmt":"2022-04-07T19:04:03","guid":{"rendered":"https:\/\/kindart.is\/?post_type=product&#038;p=3586"},"modified":"2023-09-08T16:30:08","modified_gmt":"2023-09-08T16:30:08","slug":"joklakindur-glacier-sheep-65x90-cm","status":"publish","type":"product","link":"https:\/\/kindart.is\/en\/vara\/joklakindur-glacier-sheep-65x90-cm\/","title":{"rendered":"J\u00f6klakindur \/ Glacier Sheep (65&#215;90 cm)"},"content":{"rendered":"<p>Akr\u00fdl \/ bl\u00f6ndu\u00f0 t\u00e6kni \u00e1 striga, 65&#215;90 cm<\/p>\n<p>Acrylic \/ mixed media on canvas, 65&#215;90 cm<\/p>\n<p>(2022)<\/p>\n","protected":false},"excerpt":{"rendered":"<p>Akr\u00fdl \/ bl\u00f6ndu\u00f0 t\u00e6kni \u00e1 striga, 65&#215;90 cm Acrylic \/ mixed media on canvas, 65&#215;90 cm (2022)<\/p>\n","protected":false},"featured_media":3587,"template":"","meta":{"slim_seo":{"title":"J\u00f6klakindur \/ Glacier Sheep (65x90 cm) - KindArt","description":"Akr\u00fdl \/ bl\u00f6ndu\u00f0 t\u00e6kni \u00e1 striga, 65x90 cm Acrylic \/ mixed media on canvas, 65x90 cm (2022)"}},"product_brand":[],"product_cat":[67],"product_tag":[],"class_list":{"0":"post-3586","1":"product","2":"type-product","3":"status-publish","4":"has-post-thumbnail","6":"product_cat-sold","7":"product_shipping_class-midlungs","9":"first","10":"outofstock","11":"sold-individually","12":"purchasable","13":"product-type-simple"},"_links":{"self":[{"href":"https:\/\/kindart.is\/en\/wp-json\/wp\/v2\/product\/3586","targetHints":{"allow":["GET"]}}],"collection":[{"href":"https:\/\/kindart.is\/en\/wp-json\/wp\/v2\/product"}],"about":[{"href":"https:\/\/kindart.is\/en\/wp-json\/wp\/v2\/types\/product"}],"wp:featuredmedia":[{"embeddable":true,"href":"https:\/\/kindart.is\/en\/wp-json\/wp\/v2\/media\/3587"}],"wp:attachment":[{"href":"https:\/\/kindart.is\/en\/wp-json\/wp\/v2\/media?parent=3586"}],"wp:term":[{"taxonomy":"product_brand","embeddable":true,"href":"https:\/\/kindart.is\/en\/wp-json\/wp\/v2\/product_brand?post=3586"},{"taxonomy":"product_cat","embeddable":true,"href":"https:\/\/kindart.is\/en\/wp-json\/wp\/v2\/product_cat?post=3586"},{"taxonomy":"product_tag","embeddable":true,"href":"https:\/\/kindart.is\/en\/wp-json\/wp\/v2\/product_tag?post=3586"}],"curies":[{"name":"wp","href":"https:\/\/api.w.org\/{rel}","templated":true}]}}