{"id":3602,"date":"2022-04-07T19:23:11","date_gmt":"2022-04-07T19:23:11","guid":{"rendered":"https:\/\/kindart.is\/?post_type=product&#038;p=3602"},"modified":"2023-09-08T16:32:40","modified_gmt":"2023-09-08T16:32:40","slug":"skipalaegi-shoreline-25x70-cm","status":"publish","type":"product","link":"https:\/\/kindart.is\/en\/vara\/skipalaegi-shoreline-25x70-cm\/","title":{"rendered":"Skipal\u00e6gi \/ Shoreline (25&#215;70 cm)"},"content":{"rendered":"<p>Akr\u00fdl \/ bl\u00f6ndu\u00f0 t\u00e6kni \u00e1 striga, 25&#215;70 cm<\/p>\n<p>Acrylic \/ mixed media on canvas, 25&#215;70 cm<\/p>\n<p>(2022)<\/p>\n","protected":false},"excerpt":{"rendered":"<p>Akr\u00fdl \/ bl\u00f6ndu\u00f0 t\u00e6kni \u00e1 striga, 25&#215;70 cm Acrylic \/ mixed media on canvas, 25&#215;70 cm (2022)<\/p>\n","protected":false},"featured_media":3603,"template":"","meta":{"slim_seo":{"title":"Skipal\u00e6gi \/ Shoreline (25x70 cm) - KindArt","description":"Akr\u00fdl \/ bl\u00f6ndu\u00f0 t\u00e6kni \u00e1 striga, 25x70 cm Acrylic \/ mixed media on canvas, 25x70 cm (2022)"}},"product_brand":[],"product_cat":[67],"product_tag":[],"class_list":{"0":"post-3602","1":"product","2":"type-product","3":"status-publish","4":"has-post-thumbnail","6":"product_cat-sold","7":"product_shipping_class-litill","9":"first","10":"outofstock","11":"sold-individually","12":"purchasable","13":"product-type-simple"},"_links":{"self":[{"href":"https:\/\/kindart.is\/en\/wp-json\/wp\/v2\/product\/3602","targetHints":{"allow":["GET"]}}],"collection":[{"href":"https:\/\/kindart.is\/en\/wp-json\/wp\/v2\/product"}],"about":[{"href":"https:\/\/kindart.is\/en\/wp-json\/wp\/v2\/types\/product"}],"wp:featuredmedia":[{"embeddable":true,"href":"https:\/\/kindart.is\/en\/wp-json\/wp\/v2\/media\/3603"}],"wp:attachment":[{"href":"https:\/\/kindart.is\/en\/wp-json\/wp\/v2\/media?parent=3602"}],"wp:term":[{"taxonomy":"product_brand","embeddable":true,"href":"https:\/\/kindart.is\/en\/wp-json\/wp\/v2\/product_brand?post=3602"},{"taxonomy":"product_cat","embeddable":true,"href":"https:\/\/kindart.is\/en\/wp-json\/wp\/v2\/product_cat?post=3602"},{"taxonomy":"product_tag","embeddable":true,"href":"https:\/\/kindart.is\/en\/wp-json\/wp\/v2\/product_tag?post=3602"}],"curies":[{"name":"wp","href":"https:\/\/api.w.org\/{rel}","templated":true}]}}