{"id":3606,"date":"2022-04-07T19:26:29","date_gmt":"2022-04-07T19:26:29","guid":{"rendered":"https:\/\/kindart.is\/?post_type=product&#038;p=3606"},"modified":"2022-05-28T11:25:22","modified_gmt":"2022-05-28T11:25:22","slug":"somahjon-the-good-couple-70x70-cm","status":"publish","type":"product","link":"https:\/\/kindart.is\/en\/vara\/somahjon-the-good-couple-70x70-cm\/","title":{"rendered":"S\u00f3mahj\u00f3n \/ The Good Couple (70&#215;70 cm)"},"content":{"rendered":"<p>Akr\u00fdl \/ bl\u00f6ndu\u00f0 t\u00e6kni \u00e1 striga, 70&#215;70 cm<\/p>\n<p>Acrylic \/ mixed media on canvas, 70&#215;70 cm<\/p>\n<p>(2022)<\/p>\n","protected":false},"excerpt":{"rendered":"<p>Akr\u00fdl \/ bl\u00f6ndu\u00f0 t\u00e6kni \u00e1 striga, 70&#215;70 cm Acrylic \/ mixed media on canvas, 70&#215;70 cm (2022)<\/p>\n","protected":false},"featured_media":3607,"template":"","meta":{"slim_seo":{"title":"S\u00f3mahj\u00f3n \/ The Good Couple (70x70 cm) - KindArt","description":"Akr\u00fdl \/ bl\u00f6ndu\u00f0 t\u00e6kni \u00e1 striga, 70x70 cm Acrylic \/ mixed media on canvas, 70x70 cm (2022)"}},"product_brand":[],"product_cat":[56],"product_tag":[],"class_list":{"0":"post-3606","1":"product","2":"type-product","3":"status-publish","4":"has-post-thumbnail","6":"product_cat-listaverk","7":"product_shipping_class-midlungs","9":"first","10":"instock","11":"sold-individually","12":"purchasable","13":"product-type-simple"},"_links":{"self":[{"href":"https:\/\/kindart.is\/en\/wp-json\/wp\/v2\/product\/3606","targetHints":{"allow":["GET"]}}],"collection":[{"href":"https:\/\/kindart.is\/en\/wp-json\/wp\/v2\/product"}],"about":[{"href":"https:\/\/kindart.is\/en\/wp-json\/wp\/v2\/types\/product"}],"wp:featuredmedia":[{"embeddable":true,"href":"https:\/\/kindart.is\/en\/wp-json\/wp\/v2\/media\/3607"}],"wp:attachment":[{"href":"https:\/\/kindart.is\/en\/wp-json\/wp\/v2\/media?parent=3606"}],"wp:term":[{"taxonomy":"product_brand","embeddable":true,"href":"https:\/\/kindart.is\/en\/wp-json\/wp\/v2\/product_brand?post=3606"},{"taxonomy":"product_cat","embeddable":true,"href":"https:\/\/kindart.is\/en\/wp-json\/wp\/v2\/product_cat?post=3606"},{"taxonomy":"product_tag","embeddable":true,"href":"https:\/\/kindart.is\/en\/wp-json\/wp\/v2\/product_tag?post=3606"}],"curies":[{"name":"wp","href":"https:\/\/api.w.org\/{rel}","templated":true}]}}