{"id":3610,"date":"2022-04-07T19:31:12","date_gmt":"2022-04-07T19:31:12","guid":{"rendered":"https:\/\/kindart.is\/?post_type=product&#038;p=3610"},"modified":"2023-09-08T16:32:58","modified_gmt":"2023-09-08T16:32:58","slug":"tilbrigdi-vid-lopapeysu-i-a-touch-of-wool-wear-i-30x50-cm","status":"publish","type":"product","link":"https:\/\/kindart.is\/en\/vara\/tilbrigdi-vid-lopapeysu-i-a-touch-of-wool-wear-i-30x50-cm\/","title":{"rendered":"Tilbrig\u00f0i vi\u00f0 lopapeysu I \/ A touch of wool wear I (30&#215;50 cm)"},"content":{"rendered":"<p>Akr\u00fdl \/ bl\u00f6ndu\u00f0 t\u00e6kni \u00e1 striga, 30&#215;50 cm<\/p>\n<p>Acrylic \/ mixed media on canvas, 30&#215;50 cm<\/p>\n<p>(2022)<\/p>\n","protected":false},"excerpt":{"rendered":"<p>Akr\u00fdl \/ bl\u00f6ndu\u00f0 t\u00e6kni \u00e1 striga, 30&#215;50 cm Acrylic \/ mixed media on canvas, 30&#215;50 cm (2022)<\/p>\n","protected":false},"featured_media":3611,"template":"","meta":{"slim_seo":{"title":"Tilbrig\u00f0i vi\u00f0 lopapeysu I \/ A touch of wool wear I (30x50 cm) - KindArt","description":"Akr\u00fdl \/ bl\u00f6ndu\u00f0 t\u00e6kni \u00e1 striga, 30x50 cm Acrylic \/ mixed media on canvas, 30x50 cm (2022)"}},"product_brand":[],"product_cat":[67],"product_tag":[],"class_list":{"0":"post-3610","1":"product","2":"type-product","3":"status-publish","4":"has-post-thumbnail","6":"product_cat-sold","7":"product_shipping_class-litill","9":"first","10":"outofstock","11":"sold-individually","12":"purchasable","13":"product-type-simple"},"_links":{"self":[{"href":"https:\/\/kindart.is\/en\/wp-json\/wp\/v2\/product\/3610","targetHints":{"allow":["GET"]}}],"collection":[{"href":"https:\/\/kindart.is\/en\/wp-json\/wp\/v2\/product"}],"about":[{"href":"https:\/\/kindart.is\/en\/wp-json\/wp\/v2\/types\/product"}],"wp:featuredmedia":[{"embeddable":true,"href":"https:\/\/kindart.is\/en\/wp-json\/wp\/v2\/media\/3611"}],"wp:attachment":[{"href":"https:\/\/kindart.is\/en\/wp-json\/wp\/v2\/media?parent=3610"}],"wp:term":[{"taxonomy":"product_brand","embeddable":true,"href":"https:\/\/kindart.is\/en\/wp-json\/wp\/v2\/product_brand?post=3610"},{"taxonomy":"product_cat","embeddable":true,"href":"https:\/\/kindart.is\/en\/wp-json\/wp\/v2\/product_cat?post=3610"},{"taxonomy":"product_tag","embeddable":true,"href":"https:\/\/kindart.is\/en\/wp-json\/wp\/v2\/product_tag?post=3610"}],"curies":[{"name":"wp","href":"https:\/\/api.w.org\/{rel}","templated":true}]}}