{"id":3614,"date":"2022-04-07T19:34:51","date_gmt":"2022-04-07T19:34:51","guid":{"rendered":"https:\/\/kindart.is\/?post_type=product&#038;p=3614"},"modified":"2023-09-08T16:33:18","modified_gmt":"2023-09-08T16:33:18","slug":"tilbrigdi-vid-lopapeysu-ii-a-touch-of-wool-wear-ii-40x40-cm-x2","status":"publish","type":"product","link":"https:\/\/kindart.is\/en\/vara\/tilbrigdi-vid-lopapeysu-ii-a-touch-of-wool-wear-ii-40x40-cm-x2\/","title":{"rendered":"Tilbrig\u00f0i vi\u00f0 lopapeysu II \/ A touch of wool wear II (40&#215;40 cm x2)"},"content":{"rendered":"<p>Akr\u00fdl \/ bl\u00f6ndu\u00f0 t\u00e6kni \u00e1 striga, 40&#215;40 cm (2 stk)<\/p>\n<p>Acrylic \/ mixed media on canvas, 40&#215;40 cm (2 pieces)<\/p>\n<p>(2022)<\/p>\n","protected":false},"excerpt":{"rendered":"<p>Akr\u00fdl \/ bl\u00f6ndu\u00f0 t\u00e6kni \u00e1 striga, 40&#215;40 cm (2 stk) Acrylic \/ mixed media on canvas, 40&#215;40 cm (2 pieces) (2022)<\/p>\n","protected":false},"featured_media":3617,"template":"","meta":{"slim_seo":{"title":"Tilbrig\u00f0i vi\u00f0 lopapeysu II \/ A touch of wool wear II (40x40 cm x2) - KindArt","description":"Akr\u00fdl \/ bl\u00f6ndu\u00f0 t\u00e6kni \u00e1 striga, 40x40 cm (2 stk) Acrylic \/ mixed media on canvas, 40x40 cm (2 pieces) (2022)"}},"product_brand":[],"product_cat":[67],"product_tag":[],"class_list":{"0":"post-3614","1":"product","2":"type-product","3":"status-publish","4":"has-post-thumbnail","6":"product_cat-sold","7":"product_shipping_class-midlungs","9":"first","10":"outofstock","11":"purchasable","12":"product-type-simple"},"_links":{"self":[{"href":"https:\/\/kindart.is\/en\/wp-json\/wp\/v2\/product\/3614","targetHints":{"allow":["GET"]}}],"collection":[{"href":"https:\/\/kindart.is\/en\/wp-json\/wp\/v2\/product"}],"about":[{"href":"https:\/\/kindart.is\/en\/wp-json\/wp\/v2\/types\/product"}],"wp:featuredmedia":[{"embeddable":true,"href":"https:\/\/kindart.is\/en\/wp-json\/wp\/v2\/media\/3617"}],"wp:attachment":[{"href":"https:\/\/kindart.is\/en\/wp-json\/wp\/v2\/media?parent=3614"}],"wp:term":[{"taxonomy":"product_brand","embeddable":true,"href":"https:\/\/kindart.is\/en\/wp-json\/wp\/v2\/product_brand?post=3614"},{"taxonomy":"product_cat","embeddable":true,"href":"https:\/\/kindart.is\/en\/wp-json\/wp\/v2\/product_cat?post=3614"},{"taxonomy":"product_tag","embeddable":true,"href":"https:\/\/kindart.is\/en\/wp-json\/wp\/v2\/product_tag?post=3614"}],"curies":[{"name":"wp","href":"https:\/\/api.w.org\/{rel}","templated":true}]}}