{"id":3628,"date":"2022-04-07T19:51:47","date_gmt":"2022-04-07T19:51:47","guid":{"rendered":"https:\/\/kindart.is\/?post_type=product&#038;p=3628"},"modified":"2023-09-08T16:33:36","modified_gmt":"2023-09-08T16:33:36","slug":"verbudin-the-seaside-40x100-cm","status":"publish","type":"product","link":"https:\/\/kindart.is\/en\/vara\/verbudin-the-seaside-40x100-cm\/","title":{"rendered":"Verb\u00fa\u00f0in \/ The Seaside (40&#215;100 cm)"},"content":{"rendered":"<p>Akr\u00fdl \/bl\u00f6ndu\u00f0 t\u00e6kni \u00e1 striga, 40&#215;100 cm<\/p>\n<p>Acrylic \/ mixed media on canvas, 40&#215;100 cm<\/p>\n<p>(2022)<\/p>\n","protected":false},"excerpt":{"rendered":"<p>Akr\u00fdl \/bl\u00f6ndu\u00f0 t\u00e6kni \u00e1 striga, 40&#215;100 cm Acrylic \/ mixed media on canvas, 40&#215;100 cm (2022)<\/p>\n","protected":false},"featured_media":3629,"template":"","meta":{"slim_seo":{"title":"Verb\u00fa\u00f0in \/ The Seaside (40x100 cm) - KindArt","description":"Akr\u00fdl \/bl\u00f6ndu\u00f0 t\u00e6kni \u00e1 striga, 40x100 cm Acrylic \/ mixed media on canvas, 40x100 cm (2022)"}},"product_brand":[],"product_cat":[67],"product_tag":[],"class_list":{"0":"post-3628","1":"product","2":"type-product","3":"status-publish","4":"has-post-thumbnail","6":"product_cat-sold","7":"product_shipping_class-midlungs","9":"first","10":"outofstock","11":"sold-individually","12":"purchasable","13":"product-type-simple"},"_links":{"self":[{"href":"https:\/\/kindart.is\/en\/wp-json\/wp\/v2\/product\/3628","targetHints":{"allow":["GET"]}}],"collection":[{"href":"https:\/\/kindart.is\/en\/wp-json\/wp\/v2\/product"}],"about":[{"href":"https:\/\/kindart.is\/en\/wp-json\/wp\/v2\/types\/product"}],"wp:featuredmedia":[{"embeddable":true,"href":"https:\/\/kindart.is\/en\/wp-json\/wp\/v2\/media\/3629"}],"wp:attachment":[{"href":"https:\/\/kindart.is\/en\/wp-json\/wp\/v2\/media?parent=3628"}],"wp:term":[{"taxonomy":"product_brand","embeddable":true,"href":"https:\/\/kindart.is\/en\/wp-json\/wp\/v2\/product_brand?post=3628"},{"taxonomy":"product_cat","embeddable":true,"href":"https:\/\/kindart.is\/en\/wp-json\/wp\/v2\/product_cat?post=3628"},{"taxonomy":"product_tag","embeddable":true,"href":"https:\/\/kindart.is\/en\/wp-json\/wp\/v2\/product_tag?post=3628"}],"curies":[{"name":"wp","href":"https:\/\/api.w.org\/{rel}","templated":true}]}}