{"id":3644,"date":"2022-04-07T20:11:24","date_gmt":"2022-04-07T20:11:24","guid":{"rendered":"https:\/\/kindart.is\/?post_type=product&#038;p=3644"},"modified":"2023-09-08T16:33:55","modified_gmt":"2023-09-08T16:33:55","slug":"tilbrigdi-vid-lopapeysu-iv-a-touch-of-wool-wear-iv-20x30-cm","status":"publish","type":"product","link":"https:\/\/kindart.is\/en\/vara\/tilbrigdi-vid-lopapeysu-iv-a-touch-of-wool-wear-iv-20x30-cm\/","title":{"rendered":"Tilbrig\u00f0i vi\u00f0 lopapeysu IV \/ A touch of wool wear IV (20&#215;30 cm x2)"},"content":{"rendered":"<p>Akr\u00fdl \/ bl\u00f6ndu\u00f0 t\u00e6kni \u00e1 striga, 20&#215;30 cm<\/p>\n<p>Acrylic \/ mixed media on canvas, 20&#215;30 cm<\/p>\n<p>2 stk \/ 2 pieces<\/p>\n<p>(2022)<\/p>\n","protected":false},"excerpt":{"rendered":"<p>Akr\u00fdl \/ bl\u00f6ndu\u00f0 t\u00e6kni \u00e1 striga, 20&#215;30 cm Acrylic \/ mixed media on canvas, 20&#215;30 cm 2 stk \/ 2 pieces (2022)<\/p>\n","protected":false},"featured_media":3923,"template":"","meta":{"slim_seo":{"title":"Tilbrig\u00f0i vi\u00f0 lopapeysu IV \/ A touch of wool wear IV (20x30 cm x2) - KindArt","description":"Akr\u00fdl \/ bl\u00f6ndu\u00f0 t\u00e6kni \u00e1 striga, 20x30 cm Acrylic \/ mixed media on canvas, 20x30 cm 2 stk \/ 2 pieces (2022)"}},"product_brand":[],"product_cat":[67],"product_tag":[],"class_list":{"0":"post-3644","1":"product","2":"type-product","3":"status-publish","4":"has-post-thumbnail","6":"product_cat-sold","7":"product_shipping_class-litill","9":"first","10":"outofstock","11":"sold-individually","12":"purchasable","13":"product-type-simple"},"_links":{"self":[{"href":"https:\/\/kindart.is\/en\/wp-json\/wp\/v2\/product\/3644","targetHints":{"allow":["GET"]}}],"collection":[{"href":"https:\/\/kindart.is\/en\/wp-json\/wp\/v2\/product"}],"about":[{"href":"https:\/\/kindart.is\/en\/wp-json\/wp\/v2\/types\/product"}],"wp:featuredmedia":[{"embeddable":true,"href":"https:\/\/kindart.is\/en\/wp-json\/wp\/v2\/media\/3923"}],"wp:attachment":[{"href":"https:\/\/kindart.is\/en\/wp-json\/wp\/v2\/media?parent=3644"}],"wp:term":[{"taxonomy":"product_brand","embeddable":true,"href":"https:\/\/kindart.is\/en\/wp-json\/wp\/v2\/product_brand?post=3644"},{"taxonomy":"product_cat","embeddable":true,"href":"https:\/\/kindart.is\/en\/wp-json\/wp\/v2\/product_cat?post=3644"},{"taxonomy":"product_tag","embeddable":true,"href":"https:\/\/kindart.is\/en\/wp-json\/wp\/v2\/product_tag?post=3644"}],"curies":[{"name":"wp","href":"https:\/\/api.w.org\/{rel}","templated":true}]}}