{"id":3660,"date":"2022-04-07T20:20:18","date_gmt":"2022-04-07T20:20:18","guid":{"rendered":"https:\/\/kindart.is\/?post_type=product&#038;p=3660"},"modified":"2023-09-08T16:34:17","modified_gmt":"2023-09-08T16:34:17","slug":"ungamamma-mother-20x30-cm","status":"publish","type":"product","link":"https:\/\/kindart.is\/en\/vara\/ungamamma-mother-20x30-cm\/","title":{"rendered":"Ungamamma \/ Mother (20&#215;30 cm)"},"content":{"rendered":"<p>Akr\u00fdl \/ bl\u00f6ndu\u00f0 t\u00e6kni \u00e1 striga, 20&#215;30 cm<\/p>\n<p>Acrylic \/ mixed media on canvas, 20&#215;30 cm<\/p>\n<p>(2022)<\/p>\n","protected":false},"excerpt":{"rendered":"<p>Akr\u00fdl \/ bl\u00f6ndu\u00f0 t\u00e6kni \u00e1 striga, 20&#215;30 cm Acrylic \/ mixed media on canvas, 20&#215;30 cm (2022)<\/p>\n","protected":false},"featured_media":3661,"template":"","meta":{"slim_seo":{"title":"Ungamamma \/ Mother (20x30 cm) - KindArt","description":"Akr\u00fdl \/ bl\u00f6ndu\u00f0 t\u00e6kni \u00e1 striga, 20x30 cm Acrylic \/ mixed media on canvas, 20x30 cm (2022)"}},"product_brand":[],"product_cat":[67],"product_tag":[],"class_list":{"0":"post-3660","1":"product","2":"type-product","3":"status-publish","4":"has-post-thumbnail","6":"product_cat-sold","7":"product_shipping_class-litill","9":"first","10":"outofstock","11":"purchasable","12":"product-type-simple"},"_links":{"self":[{"href":"https:\/\/kindart.is\/en\/wp-json\/wp\/v2\/product\/3660","targetHints":{"allow":["GET"]}}],"collection":[{"href":"https:\/\/kindart.is\/en\/wp-json\/wp\/v2\/product"}],"about":[{"href":"https:\/\/kindart.is\/en\/wp-json\/wp\/v2\/types\/product"}],"wp:featuredmedia":[{"embeddable":true,"href":"https:\/\/kindart.is\/en\/wp-json\/wp\/v2\/media\/3661"}],"wp:attachment":[{"href":"https:\/\/kindart.is\/en\/wp-json\/wp\/v2\/media?parent=3660"}],"wp:term":[{"taxonomy":"product_brand","embeddable":true,"href":"https:\/\/kindart.is\/en\/wp-json\/wp\/v2\/product_brand?post=3660"},{"taxonomy":"product_cat","embeddable":true,"href":"https:\/\/kindart.is\/en\/wp-json\/wp\/v2\/product_cat?post=3660"},{"taxonomy":"product_tag","embeddable":true,"href":"https:\/\/kindart.is\/en\/wp-json\/wp\/v2\/product_tag?post=3660"}],"curies":[{"name":"wp","href":"https:\/\/api.w.org\/{rel}","templated":true}]}}