{"id":3705,"date":"2022-04-14T13:26:38","date_gmt":"2022-04-14T13:27:40","guid":{"rendered":"https:\/\/kindart.is\/product\/kotlurit\/"},"modified":"2022-04-14T13:27:40","modified_gmt":"2022-04-14T13:27:40","slug":"kotlurit-2","status":"publish","type":"product","link":"https:\/\/kindart.is\/en\/vara\/kotlurit-2\/","title":{"rendered":"K\u00f6tlurit"},"content":{"rendered":"<p><strong>K\u00f6tlurit<\/strong> by \u00deorstein Magn\u00fasson. Translated by Leif A. S\u00edmonarson and foreword by him and Sn\u00e6 J\u00f3hannesson. Sigur\u00f0ur \u00de\u00f3rarinsson writes about \u00deorstein Magn\u00fasson and the Katlu eruption of 1625. It says that the book was printed in Copenhagen in 1627 by the printer Niels Heldvad and that it is only 8 pages. It is now one of the rarest printed publications on Iceland. \u00deorsteinn is the main source for the Katla eruption of 1625. The book is wire bound in a cardboard cover, 16 X 23 cm. to size and 30 p.<\/p>\n<p><strong>Publishing and printing<\/strong> :<br \/>\nB\u00f3ka\u00fatg\u00e1fan L\u00f6gberg, Reykjav\u00edk 1987. Printed as a manuscript in 100 numbered copies and this is the gift copy. Photocopying, installation and printing were handled by Oddi hf.<\/p>\n","protected":false},"excerpt":{"rendered":"<p>K\u00f6tlurit by \u00deorstein Magn\u00fasson. Translated by Leif A. S\u00edmonarson and foreword by him and Sn\u00e6 J\u00f3hannesson. Sigur\u00f0ur \u00de\u00f3rarinsson writes about \u00deorstein Magn\u00fasson and the Katlu eruption of 1625. It says that the book was printed in Copenhagen in 1627 by the printer Niels Heldvad and that it is only 8 pages. It is now one [&hellip;]<\/p>\n","protected":false},"featured_media":3699,"template":"","meta":{"slim_seo":{"title":"K\u00f6tlurit - KindArt","description":"K\u00f6tlurit by \u00deorstein Magn\u00fasson. Translated by Leif A. S\u00edmonarson and foreword by him and Sn\u00e6 J\u00f3hannesson. Sigur\u00f0ur \u00de\u00f3rarinsson writes about \u00deorstein Magn\u00fasson a"}},"product_brand":[],"product_cat":[83],"product_tag":[],"class_list":{"0":"post-3705","1":"product","2":"type-product","3":"status-publish","4":"has-post-thumbnail","6":"product_cat-books","7":"product_shipping_class-small-en","9":"first","10":"outofstock","11":"sold-individually","12":"purchasable","13":"product-type-simple"},"_links":{"self":[{"href":"https:\/\/kindart.is\/en\/wp-json\/wp\/v2\/product\/3705","targetHints":{"allow":["GET"]}}],"collection":[{"href":"https:\/\/kindart.is\/en\/wp-json\/wp\/v2\/product"}],"about":[{"href":"https:\/\/kindart.is\/en\/wp-json\/wp\/v2\/types\/product"}],"wp:featuredmedia":[{"embeddable":true,"href":"https:\/\/kindart.is\/en\/wp-json\/wp\/v2\/media\/3699"}],"wp:attachment":[{"href":"https:\/\/kindart.is\/en\/wp-json\/wp\/v2\/media?parent=3705"}],"wp:term":[{"taxonomy":"product_brand","embeddable":true,"href":"https:\/\/kindart.is\/en\/wp-json\/wp\/v2\/product_brand?post=3705"},{"taxonomy":"product_cat","embeddable":true,"href":"https:\/\/kindart.is\/en\/wp-json\/wp\/v2\/product_cat?post=3705"},{"taxonomy":"product_tag","embeddable":true,"href":"https:\/\/kindart.is\/en\/wp-json\/wp\/v2\/product_tag?post=3705"}],"curies":[{"name":"wp","href":"https:\/\/api.w.org\/{rel}","templated":true}]}}