{"id":3708,"date":"2022-04-14T13:20:37","date_gmt":"2022-04-14T13:28:46","guid":{"rendered":"https:\/\/kindart.is\/product\/kogur-and-horn-and-heljarvik\/"},"modified":"2022-04-14T13:28:46","modified_gmt":"2022-04-14T13:28:46","slug":"kogur-og-horn-og-heljarvik-2","status":"publish","type":"product","link":"https:\/\/kindart.is\/en\/vara\/kogur-og-horn-og-heljarvik-2\/","title":{"rendered":"K\u00f6gur and Horn and Heljarv\u00edk"},"content":{"rendered":"<p><strong>K\u00f6gur and Horn and Heljarv\u00edk<\/strong> . Travel memories of the Westfjords by Gu\u00f0r\u00fan Gu\u00f0var\u00f0ard\u00f3ttir. Descendants of \u00de\u00f3ra Gunnlaugsd\u00f3ttir. The foreword is by Kjartan \u00d3lafsson fv. editor of \u00dej\u00f3\u00f0viljan and Gu\u00f0r\u00fan&#8217;s colleague. The book is sewn and bound in a bundle, plastic 15.8 X 23.5 cm in size and 192 pages. Printed faecal sheets with a map of the Westfjords.<\/p>\n<p><strong>Publishing and printing<\/strong> :<br \/>\nStaff Association of \u00dej\u00f3\u00f0viljan on the occasion of the author&#8217;s 70th birthday. Reykjav\u00edk 1986.<br \/>\nPrinting: Solnaprent.<\/p>\n","protected":false},"excerpt":{"rendered":"<p>K\u00f6gur and Horn and Heljarv\u00edk . Travel memories of the Westfjords by Gu\u00f0r\u00fan Gu\u00f0var\u00f0ard\u00f3ttir. Descendants of \u00de\u00f3ra Gunnlaugsd\u00f3ttir. The foreword is by Kjartan \u00d3lafsson fv. editor of \u00dej\u00f3\u00f0viljan and Gu\u00f0r\u00fan&#8217;s colleague. The book is sewn and bound in a bundle, plastic 15.8 X 23.5 cm in size and 192 pages. Printed faecal sheets with a [&hellip;]<\/p>\n","protected":false},"featured_media":3693,"template":"","meta":{"slim_seo":{"title":"K\u00f6gur and Horn and Heljarv\u00edk - KindArt","description":"K\u00f6gur and Horn and Heljarv\u00edk . Travel memories of the Westfjords by Gu\u00f0r\u00fan Gu\u00f0var\u00f0ard\u00f3ttir. Descendants of \u00de\u00f3ra Gunnlaugsd\u00f3ttir. The foreword is by Kjartan \u00d3laf"}},"product_brand":[],"product_cat":[83],"product_tag":[],"class_list":{"0":"post-3708","1":"product","2":"type-product","3":"status-publish","4":"has-post-thumbnail","6":"product_cat-books","7":"product_shipping_class-small-en","9":"first","10":"outofstock","11":"sold-individually","12":"purchasable","13":"product-type-simple"},"_links":{"self":[{"href":"https:\/\/kindart.is\/en\/wp-json\/wp\/v2\/product\/3708","targetHints":{"allow":["GET"]}}],"collection":[{"href":"https:\/\/kindart.is\/en\/wp-json\/wp\/v2\/product"}],"about":[{"href":"https:\/\/kindart.is\/en\/wp-json\/wp\/v2\/types\/product"}],"wp:featuredmedia":[{"embeddable":true,"href":"https:\/\/kindart.is\/en\/wp-json\/wp\/v2\/media\/3693"}],"wp:attachment":[{"href":"https:\/\/kindart.is\/en\/wp-json\/wp\/v2\/media?parent=3708"}],"wp:term":[{"taxonomy":"product_brand","embeddable":true,"href":"https:\/\/kindart.is\/en\/wp-json\/wp\/v2\/product_brand?post=3708"},{"taxonomy":"product_cat","embeddable":true,"href":"https:\/\/kindart.is\/en\/wp-json\/wp\/v2\/product_cat?post=3708"},{"taxonomy":"product_tag","embeddable":true,"href":"https:\/\/kindart.is\/en\/wp-json\/wp\/v2\/product_tag?post=3708"}],"curies":[{"name":"wp","href":"https:\/\/api.w.org\/{rel}","templated":true}]}}