{"id":3715,"date":"2022-04-14T13:33:13","date_gmt":"2022-04-14T13:34:32","guid":{"rendered":"https:\/\/kindart.is\/product\/vinaspegill\/"},"modified":"2022-04-14T13:34:32","modified_gmt":"2022-04-14T13:34:32","slug":"friend-mirror","status":"publish","type":"product","link":"https:\/\/kindart.is\/en\/vara\/friend-mirror\/","title":{"rendered":"Vinaspegill"},"content":{"rendered":"<p>Vinaspegill by J\u00f3hannes \u00far <strong>K\u00f6tlum<\/strong> . The book material is collected from newspapers and magazines and is accompanied by a catalog of places where and when it has been published before. The material is tied to various opportunities: speeches, speeches and speeches. Essays, reviews of books, radio shows, birthday greetings and memoirs. Poems that have not been published in the author&#8217;s poetry books before are also published. The book is bound by a publishing house. Shirt on keel and gold. Cladding by Hafstein Gu\u00f0mundsson. 14 X 22 cm in size and 308 pages.<\/p>\n<p><strong>Publishing and printing<\/strong> :<br \/>\nPublisher: Heimskringla Reykjav\u00edk 1965. Kristinn E. Andr\u00e9sson was in charge of the publication and wrote the introduction.<\/p>\n","protected":false},"excerpt":{"rendered":"<p>Vinaspegill by J\u00f3hannes \u00far K\u00f6tlum . The book material is collected from newspapers and magazines and is accompanied by a catalog of places where and when it has been published before. The material is tied to various opportunities: speeches, speeches and speeches. Essays, reviews of books, radio shows, birthday greetings and memoirs. Poems that have [&hellip;]<\/p>\n","protected":false},"featured_media":3712,"template":"","meta":{"slim_seo":{"title":"Vinaspegill - KindArt","description":"Vinaspegill by J\u00f3hannes \u00far K\u00f6tlum . The book material is collected from newspapers and magazines and is accompanied by a catalog of places where and when it has"}},"product_brand":[],"product_cat":[83],"product_tag":[],"class_list":{"0":"post-3715","1":"product","2":"type-product","3":"status-publish","4":"has-post-thumbnail","6":"product_cat-books","7":"product_shipping_class-small-en","9":"first","10":"instock","11":"purchasable","12":"product-type-simple"},"_links":{"self":[{"href":"https:\/\/kindart.is\/en\/wp-json\/wp\/v2\/product\/3715","targetHints":{"allow":["GET"]}}],"collection":[{"href":"https:\/\/kindart.is\/en\/wp-json\/wp\/v2\/product"}],"about":[{"href":"https:\/\/kindart.is\/en\/wp-json\/wp\/v2\/types\/product"}],"wp:featuredmedia":[{"embeddable":true,"href":"https:\/\/kindart.is\/en\/wp-json\/wp\/v2\/media\/3712"}],"wp:attachment":[{"href":"https:\/\/kindart.is\/en\/wp-json\/wp\/v2\/media?parent=3715"}],"wp:term":[{"taxonomy":"product_brand","embeddable":true,"href":"https:\/\/kindart.is\/en\/wp-json\/wp\/v2\/product_brand?post=3715"},{"taxonomy":"product_cat","embeddable":true,"href":"https:\/\/kindart.is\/en\/wp-json\/wp\/v2\/product_cat?post=3715"},{"taxonomy":"product_tag","embeddable":true,"href":"https:\/\/kindart.is\/en\/wp-json\/wp\/v2\/product_tag?post=3715"}],"curies":[{"name":"wp","href":"https:\/\/api.w.org\/{rel}","templated":true}]}}