{"id":3722,"date":"2022-04-14T13:42:40","date_gmt":"2022-04-14T13:44:03","guid":{"rendered":"https:\/\/kindart.is\/product\/fagur-er-dalur\/"},"modified":"2022-04-14T13:44:03","modified_gmt":"2022-04-14T13:44:03","slug":"picturesque-is-dollar","status":"publish","type":"product","link":"https:\/\/kindart.is\/en\/vara\/picturesque-is-dollar\/","title":{"rendered":"Fagur er dalur"},"content":{"rendered":"<p><strong>Fagur er dalur .<\/strong> Book of poems by Matth\u00edas Johannessen. Appearance and layout: Hafsteinn Gu\u00f0mundsson. The book is bound in imitation paper on a keel and gray upholstery in style. Size: 13.3 X 19.2 cm and 150 pages.<\/p>\n<p><strong>Publishing and printing<\/strong> :<br \/>\nAlmenna b\u00f3kaf\u00e9lagi\u00f0, Reykjav\u00edk 1966. Hafnarfj\u00f6r\u00f0ur Printing Works.<br \/>\nBook of the Month March 1966.<\/p>\n","protected":false},"excerpt":{"rendered":"<p>Fagur er dalur . Book of poems by Matth\u00edas Johannessen. Appearance and layout: Hafsteinn Gu\u00f0mundsson. The book is bound in imitation paper on a keel and gray upholstery in style. Size: 13.3 X 19.2 cm and 150 pages. Publishing and printing : Almenna b\u00f3kaf\u00e9lagi\u00f0, Reykjav\u00edk 1966. Hafnarfj\u00f6r\u00f0ur Printing Works. Book of the Month March 1966.<\/p>\n","protected":false},"featured_media":3719,"template":"","meta":{"slim_seo":{"title":"Fagur er dalur - KindArt","description":"Fagur er dalur . Book of poems by Matth\u00edas Johannessen. Appearance and layout: Hafsteinn Gu\u00f0mundsson. The book is bound in imitation paper on a keel and gray up"}},"product_brand":[],"product_cat":[83],"product_tag":[],"class_list":{"0":"post-3722","1":"product","2":"type-product","3":"status-publish","4":"has-post-thumbnail","6":"product_cat-books","7":"product_shipping_class-small-en","9":"first","10":"outofstock","11":"sold-individually","12":"purchasable","13":"product-type-simple"},"_links":{"self":[{"href":"https:\/\/kindart.is\/en\/wp-json\/wp\/v2\/product\/3722","targetHints":{"allow":["GET"]}}],"collection":[{"href":"https:\/\/kindart.is\/en\/wp-json\/wp\/v2\/product"}],"about":[{"href":"https:\/\/kindart.is\/en\/wp-json\/wp\/v2\/types\/product"}],"wp:featuredmedia":[{"embeddable":true,"href":"https:\/\/kindart.is\/en\/wp-json\/wp\/v2\/media\/3719"}],"wp:attachment":[{"href":"https:\/\/kindart.is\/en\/wp-json\/wp\/v2\/media?parent=3722"}],"wp:term":[{"taxonomy":"product_brand","embeddable":true,"href":"https:\/\/kindart.is\/en\/wp-json\/wp\/v2\/product_brand?post=3722"},{"taxonomy":"product_cat","embeddable":true,"href":"https:\/\/kindart.is\/en\/wp-json\/wp\/v2\/product_cat?post=3722"},{"taxonomy":"product_tag","embeddable":true,"href":"https:\/\/kindart.is\/en\/wp-json\/wp\/v2\/product_tag?post=3722"}],"curies":[{"name":"wp","href":"https:\/\/api.w.org\/{rel}","templated":true}]}}