{"id":3728,"date":"2022-04-14T13:47:53","date_gmt":"2022-04-14T13:48:27","guid":{"rendered":"https:\/\/kindart.is\/product\/sing-strings\/"},"modified":"2022-04-14T13:48:27","modified_gmt":"2022-04-14T13:48:27","slug":"syngid-strings","status":"publish","type":"product","link":"https:\/\/kindart.is\/en\/vara\/syngid-strings\/","title":{"rendered":"Sing, strings &#8211; &#8211; &#8211;"},"content":{"rendered":"<p><strong>Sing, strings &#8211; &#8211; &#8211;<\/strong> Book of poems by J\u00f3n fr\u00e1 Lj\u00e1rsk\u00f3gar. The book is sewn and placed in a cardboard cover. 15.5 X 22.5 cm in size. 118 p.<\/p>\n<p><strong>Publishing and printing<\/strong> :<br \/>\nFjallkonu\u00fatg\u00e1fan, Reykjav\u00edk 1941. F\u00e9lagsprentsmi\u00f0jan.<\/p>\n","protected":false},"excerpt":{"rendered":"<p>Sing, strings &#8211; &#8211; &#8211; Book of poems by J\u00f3n fr\u00e1 Lj\u00e1rsk\u00f3gar. The book is sewn and placed in a cardboard cover. 15.5 X 22.5 cm in size. 118 p. Publishing and printing : Fjallkonu\u00fatg\u00e1fan, Reykjav\u00edk 1941. F\u00e9lagsprentsmi\u00f0jan.<\/p>\n","protected":false},"featured_media":3726,"template":"","meta":{"slim_seo":{"title":"Sing, strings - - - - KindArt","description":"Sing, strings - - - Book of poems by J\u00f3n fr\u00e1 Lj\u00e1rsk\u00f3gar. The book is sewn and placed in a cardboard cover. 15.5 X 22.5 cm in size. 118 p. Publishing and printin"}},"product_brand":[],"product_cat":[83],"product_tag":[],"class_list":{"0":"post-3728","1":"product","2":"type-product","3":"status-publish","4":"has-post-thumbnail","6":"product_cat-books","7":"product_shipping_class-small-en","9":"first","10":"instock","11":"sold-individually","12":"purchasable","13":"product-type-simple"},"_links":{"self":[{"href":"https:\/\/kindart.is\/en\/wp-json\/wp\/v2\/product\/3728","targetHints":{"allow":["GET"]}}],"collection":[{"href":"https:\/\/kindart.is\/en\/wp-json\/wp\/v2\/product"}],"about":[{"href":"https:\/\/kindart.is\/en\/wp-json\/wp\/v2\/types\/product"}],"wp:featuredmedia":[{"embeddable":true,"href":"https:\/\/kindart.is\/en\/wp-json\/wp\/v2\/media\/3726"}],"wp:attachment":[{"href":"https:\/\/kindart.is\/en\/wp-json\/wp\/v2\/media?parent=3728"}],"wp:term":[{"taxonomy":"product_brand","embeddable":true,"href":"https:\/\/kindart.is\/en\/wp-json\/wp\/v2\/product_brand?post=3728"},{"taxonomy":"product_cat","embeddable":true,"href":"https:\/\/kindart.is\/en\/wp-json\/wp\/v2\/product_cat?post=3728"},{"taxonomy":"product_tag","embeddable":true,"href":"https:\/\/kindart.is\/en\/wp-json\/wp\/v2\/product_tag?post=3728"}],"curies":[{"name":"wp","href":"https:\/\/api.w.org\/{rel}","templated":true}]}}