{"id":3735,"date":"2022-04-14T14:18:34","date_gmt":"2022-04-14T14:19:08","guid":{"rendered":"https:\/\/kindart.is\/product\/anniversary-edition-of-bunadarsamband-sudurlands\/"},"modified":"2022-04-14T14:19:08","modified_gmt":"2022-04-14T14:19:08","slug":"afmaelisrit-bunadarsambands-sudurlands-2","status":"publish","type":"product","link":"https:\/\/kindart.is\/en\/vara\/afmaelisrit-bunadarsambands-sudurlands-2\/","title":{"rendered":"Anniversary edition of B\u00fana\u00f0arsamband Su\u00f0urlands"},"content":{"rendered":"<p>Anniversary publication of <strong>B\u00fana\u00f0arsamband Su\u00f0urlands<\/strong> , 1908-1958, At least 50 years of service. Writing committee: Hjalti Gestsson, \u00de\u00f3r\u00f0ur T\u00f3masson, P\u00e1ll Di\u00f0riksson. The book is 16 X 23.5 cm in size and 358 pages. Tied in black shirtingsband on keel and corner. Gold on keel.<\/p>\n<p><strong>Publishing and printing<\/strong> :<br \/>\nPublisher: B\u00fana\u00f0arsamband Su\u00f0urlands. Selfoss 1959. Prentsmi\u00f0ja Su\u00f0urlands.<\/p>\n","protected":false},"excerpt":{"rendered":"<p>Anniversary publication of B\u00fana\u00f0arsamband Su\u00f0urlands , 1908-1958, At least 50 years of service. Writing committee: Hjalti Gestsson, \u00de\u00f3r\u00f0ur T\u00f3masson, P\u00e1ll Di\u00f0riksson. The book is 16 X 23.5 cm in size and 358 pages. Tied in black shirtingsband on keel and corner. Gold on keel. Publishing and printing : Publisher: B\u00fana\u00f0arsamband Su\u00f0urlands. Selfoss 1959. Prentsmi\u00f0ja Su\u00f0urlands.<\/p>\n","protected":false},"featured_media":3732,"template":"","meta":{"slim_seo":{"title":"Anniversary edition of B\u00fana\u00f0arsamband Su\u00f0urlands - KindArt","description":"Anniversary publication of B\u00fana\u00f0arsamband Su\u00f0urlands , 1908-1958, At least 50 years of service. Writing committee: Hjalti Gestsson, \u00de\u00f3r\u00f0ur T\u00f3masson, P\u00e1ll Di\u00f0rik"}},"product_brand":[],"product_cat":[83],"product_tag":[],"class_list":{"0":"post-3735","1":"product","2":"type-product","3":"status-publish","4":"has-post-thumbnail","6":"product_cat-books","7":"product_shipping_class-small-en","9":"first","10":"instock","11":"sold-individually","12":"purchasable","13":"product-type-simple"},"_links":{"self":[{"href":"https:\/\/kindart.is\/en\/wp-json\/wp\/v2\/product\/3735","targetHints":{"allow":["GET"]}}],"collection":[{"href":"https:\/\/kindart.is\/en\/wp-json\/wp\/v2\/product"}],"about":[{"href":"https:\/\/kindart.is\/en\/wp-json\/wp\/v2\/types\/product"}],"wp:featuredmedia":[{"embeddable":true,"href":"https:\/\/kindart.is\/en\/wp-json\/wp\/v2\/media\/3732"}],"wp:attachment":[{"href":"https:\/\/kindart.is\/en\/wp-json\/wp\/v2\/media?parent=3735"}],"wp:term":[{"taxonomy":"product_brand","embeddable":true,"href":"https:\/\/kindart.is\/en\/wp-json\/wp\/v2\/product_brand?post=3735"},{"taxonomy":"product_cat","embeddable":true,"href":"https:\/\/kindart.is\/en\/wp-json\/wp\/v2\/product_cat?post=3735"},{"taxonomy":"product_tag","embeddable":true,"href":"https:\/\/kindart.is\/en\/wp-json\/wp\/v2\/product_tag?post=3735"}],"curies":[{"name":"wp","href":"https:\/\/api.w.org\/{rel}","templated":true}]}}