{"id":3742,"date":"2022-04-14T14:23:17","date_gmt":"2022-04-14T14:23:44","guid":{"rendered":"https:\/\/kindart.is\/product\/concepts-and-names-in-nordic-mythology\/"},"modified":"2022-04-14T14:23:44","modified_gmt":"2022-04-14T14:23:44","slug":"hugtok-og-heiti-i-norraenni-godafraedi-2","status":"publish","type":"product","link":"https:\/\/kindart.is\/en\/vara\/hugtok-og-heiti-i-norraenni-godafraedi-2\/","title":{"rendered":"Concepts and names in Nordic mythology"},"content":{"rendered":"<p><strong>Concepts and names in Nordic mythology<\/strong> by Rudolf Simek. Heimir P\u00e1lsson was the editor of the work and the translator Ingunn \u00c1sd\u00edsard\u00f3ttir. The book is sewn and bound in a publisher&#8217;s band, alband, synthetic material with a protective cover. Size: 15.5 X 23.5 cm and 333 pages.<\/p>\n<p><strong>Publishing and printing<\/strong> :<br \/>\nHeimskringla. H\u00e1sk\u00f3laforlag M\u00e1l og menningar, Reykjav\u00edk 1993. Layout, printing and bookbinding: Prentsmi\u00f0jan Oddi.<\/p>\n","protected":false},"excerpt":{"rendered":"<p>Concepts and names in Nordic mythology by Rudolf Simek. Heimir P\u00e1lsson was the editor of the work and the translator Ingunn \u00c1sd\u00edsard\u00f3ttir. The book is sewn and bound in a publisher&#8217;s band, alband, synthetic material with a protective cover. Size: 15.5 X 23.5 cm and 333 pages. Publishing and printing : Heimskringla. H\u00e1sk\u00f3laforlag M\u00e1l og [&hellip;]<\/p>\n","protected":false},"featured_media":3739,"template":"","meta":{"slim_seo":{"title":"Concepts and names in Nordic mythology - KindArt","description":"Concepts and names in Nordic mythology by Rudolf Simek. Heimir P\u00e1lsson was the editor of the work and the translator Ingunn \u00c1sd\u00edsard\u00f3ttir. The book is sewn and"}},"product_brand":[],"product_cat":[83],"product_tag":[],"class_list":{"0":"post-3742","1":"product","2":"type-product","3":"status-publish","4":"has-post-thumbnail","6":"product_cat-books","7":"product_shipping_class-small-en","9":"first","10":"outofstock","11":"sold-individually","12":"purchasable","13":"product-type-simple"},"_links":{"self":[{"href":"https:\/\/kindart.is\/en\/wp-json\/wp\/v2\/product\/3742","targetHints":{"allow":["GET"]}}],"collection":[{"href":"https:\/\/kindart.is\/en\/wp-json\/wp\/v2\/product"}],"about":[{"href":"https:\/\/kindart.is\/en\/wp-json\/wp\/v2\/types\/product"}],"wp:featuredmedia":[{"embeddable":true,"href":"https:\/\/kindart.is\/en\/wp-json\/wp\/v2\/media\/3739"}],"wp:attachment":[{"href":"https:\/\/kindart.is\/en\/wp-json\/wp\/v2\/media?parent=3742"}],"wp:term":[{"taxonomy":"product_brand","embeddable":true,"href":"https:\/\/kindart.is\/en\/wp-json\/wp\/v2\/product_brand?post=3742"},{"taxonomy":"product_cat","embeddable":true,"href":"https:\/\/kindart.is\/en\/wp-json\/wp\/v2\/product_cat?post=3742"},{"taxonomy":"product_tag","embeddable":true,"href":"https:\/\/kindart.is\/en\/wp-json\/wp\/v2\/product_tag?post=3742"}],"curies":[{"name":"wp","href":"https:\/\/api.w.org\/{rel}","templated":true}]}}