{"id":3749,"date":"2022-04-14T14:28:13","date_gmt":"2022-04-14T14:28:39","guid":{"rendered":"https:\/\/kindart.is\/product\/the-girl-from-stokkseyri\/"},"modified":"2022-04-14T14:28:39","modified_gmt":"2022-04-14T14:28:39","slug":"stelpan-fra-stokkseyri-2","status":"publish","type":"product","link":"https:\/\/kindart.is\/en\/vara\/stelpan-fra-stokkseyri-2\/","title":{"rendered":"The girl from Stokkseyri"},"content":{"rendered":"<p><strong>The girl from Stokkseyri<\/strong> . The story of Margr\u00e9t Fr\u00edmannsd\u00f3ttir by \u00de\u00f3runn Hrefna Sigurj\u00f3nsd\u00f3ttir. The book is sewn and bound in plastic and binding, a publishing volume with a printed protective cover. Size: 16 X 23.5 cm and 367 pages.<\/p>\n<p><strong>Publishing and printing<\/strong> :<br \/>\nB\u00f3ka\u00fatg\u00e1fan H\u00f3lar, Reykjav\u00edk 2006. Photo layout, cover design, printing and bookbinding: Oddi hf. &#8211; 4. print 2006.<\/p>\n","protected":false},"excerpt":{"rendered":"<p>The girl from Stokkseyri . The story of Margr\u00e9t Fr\u00edmannsd\u00f3ttir by \u00de\u00f3runn Hrefna Sigurj\u00f3nsd\u00f3ttir. The book is sewn and bound in plastic and binding, a publishing volume with a printed protective cover. Size: 16 X 23.5 cm and 367 pages. Publishing and printing : B\u00f3ka\u00fatg\u00e1fan H\u00f3lar, Reykjav\u00edk 2006. Photo layout, cover design, printing and bookbinding: [&hellip;]<\/p>\n","protected":false},"featured_media":3746,"template":"","meta":{"slim_seo":{"title":"The girl from Stokkseyri - KindArt","description":"The girl from Stokkseyri . The story of Margr\u00e9t Fr\u00edmannsd\u00f3ttir by \u00de\u00f3runn Hrefna Sigurj\u00f3nsd\u00f3ttir. The book is sewn and bound in plastic and binding, a publishing"}},"product_brand":[],"product_cat":[83],"product_tag":[],"class_list":{"0":"post-3749","1":"product","2":"type-product","3":"status-publish","4":"has-post-thumbnail","6":"product_cat-books","7":"product_shipping_class-small-en","9":"first","10":"instock","11":"sold-individually","12":"purchasable","13":"product-type-simple"},"_links":{"self":[{"href":"https:\/\/kindart.is\/en\/wp-json\/wp\/v2\/product\/3749","targetHints":{"allow":["GET"]}}],"collection":[{"href":"https:\/\/kindart.is\/en\/wp-json\/wp\/v2\/product"}],"about":[{"href":"https:\/\/kindart.is\/en\/wp-json\/wp\/v2\/types\/product"}],"wp:featuredmedia":[{"embeddable":true,"href":"https:\/\/kindart.is\/en\/wp-json\/wp\/v2\/media\/3746"}],"wp:attachment":[{"href":"https:\/\/kindart.is\/en\/wp-json\/wp\/v2\/media?parent=3749"}],"wp:term":[{"taxonomy":"product_brand","embeddable":true,"href":"https:\/\/kindart.is\/en\/wp-json\/wp\/v2\/product_brand?post=3749"},{"taxonomy":"product_cat","embeddable":true,"href":"https:\/\/kindart.is\/en\/wp-json\/wp\/v2\/product_cat?post=3749"},{"taxonomy":"product_tag","embeddable":true,"href":"https:\/\/kindart.is\/en\/wp-json\/wp\/v2\/product_tag?post=3749"}],"curies":[{"name":"wp","href":"https:\/\/api.w.org\/{rel}","templated":true}]}}