{"id":3756,"date":"2022-04-14T14:34:50","date_gmt":"2022-04-14T14:35:46","guid":{"rendered":"https:\/\/kindart.is\/product\/gougrodur\/"},"modified":"2022-04-14T14:35:46","modified_gmt":"2022-04-14T14:35:46","slug":"gougrodur-2","status":"publish","type":"product","link":"https:\/\/kindart.is\/en\/vara\/gougrodur-2\/","title":{"rendered":"G\u00f3ugr\u00f3\u00f0ur"},"content":{"rendered":"<p><strong>G\u00f3ugr\u00f3\u00f0ur<\/strong> . A love story by Kristmann Gu\u00f0mundsson. The book is sewn and tied in genuine leather strap on the keel and corner. Size: 14 X 21.2 cm and 153 pages.<\/p>\n<p><strong>Publishing and printing<\/strong> :<br \/>\nHelgafell, Reykjav\u00edk 1947. Viking print.<\/p>\n","protected":false},"excerpt":{"rendered":"<p>G\u00f3ugr\u00f3\u00f0ur . A love story by Kristmann Gu\u00f0mundsson. The book is sewn and tied in genuine leather strap on the keel and corner. Size: 14 X 21.2 cm and 153 pages. Publishing and printing : Helgafell, Reykjav\u00edk 1947. Viking print.<\/p>\n","protected":false},"featured_media":3753,"template":"","meta":{"slim_seo":{"title":"G\u00f3ugr\u00f3\u00f0ur - KindArt","description":"G\u00f3ugr\u00f3\u00f0ur . A love story by Kristmann Gu\u00f0mundsson. The book is sewn and tied in genuine leather strap on the keel and corner. Size: 14 X 21.2 cm and 153 pages."}},"product_brand":[],"product_cat":[83],"product_tag":[],"class_list":{"0":"post-3756","1":"product","2":"type-product","3":"status-publish","4":"has-post-thumbnail","6":"product_cat-books","7":"product_shipping_class-small-en","9":"first","10":"instock","11":"sold-individually","12":"purchasable","13":"product-type-simple"},"_links":{"self":[{"href":"https:\/\/kindart.is\/en\/wp-json\/wp\/v2\/product\/3756","targetHints":{"allow":["GET"]}}],"collection":[{"href":"https:\/\/kindart.is\/en\/wp-json\/wp\/v2\/product"}],"about":[{"href":"https:\/\/kindart.is\/en\/wp-json\/wp\/v2\/types\/product"}],"wp:featuredmedia":[{"embeddable":true,"href":"https:\/\/kindart.is\/en\/wp-json\/wp\/v2\/media\/3753"}],"wp:attachment":[{"href":"https:\/\/kindart.is\/en\/wp-json\/wp\/v2\/media?parent=3756"}],"wp:term":[{"taxonomy":"product_brand","embeddable":true,"href":"https:\/\/kindart.is\/en\/wp-json\/wp\/v2\/product_brand?post=3756"},{"taxonomy":"product_cat","embeddable":true,"href":"https:\/\/kindart.is\/en\/wp-json\/wp\/v2\/product_cat?post=3756"},{"taxonomy":"product_tag","embeddable":true,"href":"https:\/\/kindart.is\/en\/wp-json\/wp\/v2\/product_tag?post=3756"}],"curies":[{"name":"wp","href":"https:\/\/api.w.org\/{rel}","templated":true}]}}