{"id":3764,"date":"2022-04-14T14:40:48","date_gmt":"2022-04-14T14:41:34","guid":{"rendered":"https:\/\/kindart.is\/product\/blabra-and-more-stories\/"},"modified":"2022-04-14T14:41:34","modified_gmt":"2022-04-14T14:41:34","slug":"blabra-and-more-sucks","status":"publish","type":"product","link":"https:\/\/kindart.is\/en\/vara\/blabra-and-more-sucks\/","title":{"rendered":"Bl\u00e1br\u00e1 and more stories"},"content":{"rendered":"<p><strong>Bl\u00e1br\u00e1 and more stories<\/strong> by Kristmann Gu\u00f0mundsson. The book is a paperback 14 X 21.2 cm in size and 160 pages.<\/p>\n<p><strong>Publishing and printing<\/strong> :<br \/>\nHelgafell, Reykjav\u00edk 1968. Viking print.<\/p>\n","protected":false},"excerpt":{"rendered":"<p>Bl\u00e1br\u00e1 and more stories by Kristmann Gu\u00f0mundsson. The book is a paperback 14 X 21.2 cm in size and 160 pages. Publishing and printing : Helgafell, Reykjav\u00edk 1968. Viking print.<\/p>\n","protected":false},"featured_media":3760,"template":"","meta":{"slim_seo":{"title":"Bl\u00e1br\u00e1 and more stories - KindArt","description":"Bl\u00e1br\u00e1 and more stories by Kristmann Gu\u00f0mundsson. The book is a paperback 14 X 21.2 cm in size and 160 pages. Publishing and printing : Helgafell, Reykjav\u00edk 196"}},"product_brand":[],"product_cat":[83],"product_tag":[],"class_list":{"0":"post-3764","1":"product","2":"type-product","3":"status-publish","4":"has-post-thumbnail","6":"product_cat-books","7":"product_shipping_class-small-en","9":"first","10":"instock","11":"sold-individually","12":"purchasable","13":"product-type-simple"},"_links":{"self":[{"href":"https:\/\/kindart.is\/en\/wp-json\/wp\/v2\/product\/3764","targetHints":{"allow":["GET"]}}],"collection":[{"href":"https:\/\/kindart.is\/en\/wp-json\/wp\/v2\/product"}],"about":[{"href":"https:\/\/kindart.is\/en\/wp-json\/wp\/v2\/types\/product"}],"wp:featuredmedia":[{"embeddable":true,"href":"https:\/\/kindart.is\/en\/wp-json\/wp\/v2\/media\/3760"}],"wp:attachment":[{"href":"https:\/\/kindart.is\/en\/wp-json\/wp\/v2\/media?parent=3764"}],"wp:term":[{"taxonomy":"product_brand","embeddable":true,"href":"https:\/\/kindart.is\/en\/wp-json\/wp\/v2\/product_brand?post=3764"},{"taxonomy":"product_cat","embeddable":true,"href":"https:\/\/kindart.is\/en\/wp-json\/wp\/v2\/product_cat?post=3764"},{"taxonomy":"product_tag","embeddable":true,"href":"https:\/\/kindart.is\/en\/wp-json\/wp\/v2\/product_tag?post=3764"}],"curies":[{"name":"wp","href":"https:\/\/api.w.org\/{rel}","templated":true}]}}