{"id":3768,"date":"2022-04-14T14:46:33","date_gmt":"2022-04-14T14:46:58","guid":{"rendered":"https:\/\/kindart.is\/product\/the-colors-of-the-earth\/"},"modified":"2022-04-14T14:46:58","modified_gmt":"2022-04-14T14:46:58","slug":"the-hue-of-the-earth","status":"publish","type":"product","link":"https:\/\/kindart.is\/en\/vara\/the-hue-of-the-earth\/","title":{"rendered":"The colors of the earth"},"content":{"rendered":"<p><strong>The colors of the earth<\/strong> , a story by \u00d3lafur J\u00f3hann Sigur\u00f0sson. The book is sewn and bound in blue binding (probably in imitation paper) 13.5 X 21.2 cm in size and 113 pages. Printing on the front volume, two birds.<\/p>\n<p><strong>Publishing and printing<\/strong> :<br \/>\nHelgafell, Reykjav\u00edk 1947. Viking print.<\/p>\n","protected":false},"excerpt":{"rendered":"<p>The colors of the earth , a story by \u00d3lafur J\u00f3hann Sigur\u00f0sson. The book is sewn and bound in blue binding (probably in imitation paper) 13.5 X 21.2 cm in size and 113 pages. Printing on the front volume, two birds. Publishing and printing : Helgafell, Reykjav\u00edk 1947. Viking print.<\/p>\n","protected":false},"featured_media":3773,"template":"","meta":{"slim_seo":{"title":"The colors of the earth - KindArt","description":"The colors of the earth , a story by \u00d3lafur J\u00f3hann Sigur\u00f0sson. The book is sewn and bound in blue binding (probably in imitation paper) 13.5 X 21.2 cm in size a"}},"product_brand":[],"product_cat":[83],"product_tag":[],"class_list":{"0":"post-3768","1":"product","2":"type-product","3":"status-publish","4":"has-post-thumbnail","6":"product_cat-books","7":"product_shipping_class-small-en","9":"first","10":"outofstock","11":"sold-individually","12":"purchasable","13":"product-type-simple"},"_links":{"self":[{"href":"https:\/\/kindart.is\/en\/wp-json\/wp\/v2\/product\/3768","targetHints":{"allow":["GET"]}}],"collection":[{"href":"https:\/\/kindart.is\/en\/wp-json\/wp\/v2\/product"}],"about":[{"href":"https:\/\/kindart.is\/en\/wp-json\/wp\/v2\/types\/product"}],"wp:featuredmedia":[{"embeddable":true,"href":"https:\/\/kindart.is\/en\/wp-json\/wp\/v2\/media\/3773"}],"wp:attachment":[{"href":"https:\/\/kindart.is\/en\/wp-json\/wp\/v2\/media?parent=3768"}],"wp:term":[{"taxonomy":"product_brand","embeddable":true,"href":"https:\/\/kindart.is\/en\/wp-json\/wp\/v2\/product_brand?post=3768"},{"taxonomy":"product_cat","embeddable":true,"href":"https:\/\/kindart.is\/en\/wp-json\/wp\/v2\/product_cat?post=3768"},{"taxonomy":"product_tag","embeddable":true,"href":"https:\/\/kindart.is\/en\/wp-json\/wp\/v2\/product_tag?post=3768"}],"curies":[{"name":"wp","href":"https:\/\/api.w.org\/{rel}","templated":true}]}}