{"id":3781,"date":"2022-04-14T14:54:44","date_gmt":"2022-04-14T14:55:13","guid":{"rendered":"https:\/\/kindart.is\/product\/the-holy-river\/"},"modified":"2022-04-14T14:55:13","modified_gmt":"2022-04-14T14:55:13","slug":"fljotid-helga-2","status":"publish","type":"product","link":"https:\/\/kindart.is\/en\/vara\/fljotid-helga-2\/","title":{"rendered":"The holy river"},"content":{"rendered":"<p><strong>Flj\u00f3ti\u00f0 helga<\/strong> , a book of poems by T\u00f3mas Gu\u00f0mundsson. 57 new poems. The book is sewn and bound in a band, shirting. 15.8 X 24 cm. to size. 120 p.<\/p>\n<p><strong>Publishing and printing<\/strong> :<br \/>\nHelgafell Reykjav\u00edk 1950. Viking print.<\/p>\n","protected":false},"excerpt":{"rendered":"<p>Flj\u00f3ti\u00f0 helga , a book of poems by T\u00f3mas Gu\u00f0mundsson. 57 new poems. The book is sewn and bound in a band, shirting. 15.8 X 24 cm. to size. 120 p. Publishing and printing : Helgafell Reykjav\u00edk 1950. Viking print.<\/p>\n","protected":false},"featured_media":3777,"template":"","meta":{"slim_seo":{"title":"The holy river - KindArt","description":"Flj\u00f3ti\u00f0 helga , a book of poems by T\u00f3mas Gu\u00f0mundsson. 57 new poems. The book is sewn and bound in a band, shirting. 15.8 X 24 cm. to size. 120 p. Publishing and"}},"product_brand":[],"product_cat":[83],"product_tag":[],"class_list":{"0":"post-3781","1":"product","2":"type-product","3":"status-publish","4":"has-post-thumbnail","6":"product_cat-books","7":"product_shipping_class-small-en","9":"first","10":"outofstock","11":"sold-individually","12":"purchasable","13":"product-type-simple"},"_links":{"self":[{"href":"https:\/\/kindart.is\/en\/wp-json\/wp\/v2\/product\/3781","targetHints":{"allow":["GET"]}}],"collection":[{"href":"https:\/\/kindart.is\/en\/wp-json\/wp\/v2\/product"}],"about":[{"href":"https:\/\/kindart.is\/en\/wp-json\/wp\/v2\/types\/product"}],"wp:featuredmedia":[{"embeddable":true,"href":"https:\/\/kindart.is\/en\/wp-json\/wp\/v2\/media\/3777"}],"wp:attachment":[{"href":"https:\/\/kindart.is\/en\/wp-json\/wp\/v2\/media?parent=3781"}],"wp:term":[{"taxonomy":"product_brand","embeddable":true,"href":"https:\/\/kindart.is\/en\/wp-json\/wp\/v2\/product_brand?post=3781"},{"taxonomy":"product_cat","embeddable":true,"href":"https:\/\/kindart.is\/en\/wp-json\/wp\/v2\/product_cat?post=3781"},{"taxonomy":"product_tag","embeddable":true,"href":"https:\/\/kindart.is\/en\/wp-json\/wp\/v2\/product_tag?post=3781"}],"curies":[{"name":"wp","href":"https:\/\/api.w.org\/{rel}","templated":true}]}}