{"id":3786,"date":"2022-04-14T14:58:08","date_gmt":"2022-04-14T14:58:36","guid":{"rendered":"https:\/\/kindart.is\/product\/ten-cod-wars-1415-1976\/"},"modified":"2022-04-14T14:58:36","modified_gmt":"2022-04-14T14:58:36","slug":"tiu-thorskastrid-1415-1976-2","status":"publish","type":"product","link":"https:\/\/kindart.is\/en\/vara\/tiu-thorskastrid-1415-1976-2\/","title":{"rendered":"Ten Cod Wars 1415-1976"},"content":{"rendered":"<p><strong>Ten cod wars 1415-1976<\/strong> by Bj\u00f6rn \u00deorsteinsson. The book tells of ten cod wars in Icelandic waters, as the name suggests. The book is sewn and bound in bandage, synthetic material. Protective cover glued to faeces. Size: 14 X 21.5 cm. 260 p.<\/p>\n<p><strong>Publishing and printing<\/strong> :<br \/>\nS\u00f6guf\u00e9lagi\u00f0, Reykjav\u00edk 1976. Prentsmi\u00f0jan Leiftur.<\/p>\n","protected":false},"excerpt":{"rendered":"<p>Ten cod wars 1415-1976 by Bj\u00f6rn \u00deorsteinsson. The book tells of ten cod wars in Icelandic waters, as the name suggests. The book is sewn and bound in bandage, synthetic material. Protective cover glued to faeces. Size: 14 X 21.5 cm. 260 p. Publishing and printing : S\u00f6guf\u00e9lagi\u00f0, Reykjav\u00edk 1976. Prentsmi\u00f0jan Leiftur.<\/p>\n","protected":false},"featured_media":3785,"template":"","meta":{"slim_seo":{"title":"Ten Cod Wars 1415-1976 - KindArt","description":"Ten cod wars 1415-1976 by Bj\u00f6rn \u00deorsteinsson. The book tells of ten cod wars in Icelandic waters, as the name suggests. The book is sewn and bound in bandage, s"}},"product_brand":[],"product_cat":[83],"product_tag":[],"class_list":{"0":"post-3786","1":"product","2":"type-product","3":"status-publish","4":"has-post-thumbnail","6":"product_cat-books","7":"product_shipping_class-small-en","9":"first","10":"outofstock","11":"sold-individually","12":"purchasable","13":"product-type-simple"},"_links":{"self":[{"href":"https:\/\/kindart.is\/en\/wp-json\/wp\/v2\/product\/3786","targetHints":{"allow":["GET"]}}],"collection":[{"href":"https:\/\/kindart.is\/en\/wp-json\/wp\/v2\/product"}],"about":[{"href":"https:\/\/kindart.is\/en\/wp-json\/wp\/v2\/types\/product"}],"wp:featuredmedia":[{"embeddable":true,"href":"https:\/\/kindart.is\/en\/wp-json\/wp\/v2\/media\/3785"}],"wp:attachment":[{"href":"https:\/\/kindart.is\/en\/wp-json\/wp\/v2\/media?parent=3786"}],"wp:term":[{"taxonomy":"product_brand","embeddable":true,"href":"https:\/\/kindart.is\/en\/wp-json\/wp\/v2\/product_brand?post=3786"},{"taxonomy":"product_cat","embeddable":true,"href":"https:\/\/kindart.is\/en\/wp-json\/wp\/v2\/product_cat?post=3786"},{"taxonomy":"product_tag","embeddable":true,"href":"https:\/\/kindart.is\/en\/wp-json\/wp\/v2\/product_tag?post=3786"}],"curies":[{"name":"wp","href":"https:\/\/api.w.org\/{rel}","templated":true}]}}