{"id":3793,"date":"2022-04-14T15:04:48","date_gmt":"2022-04-14T15:05:17","guid":{"rendered":"https:\/\/kindart.is\/product\/forty-new-and-old-tips-for-everyday-events\/"},"modified":"2022-04-14T15:05:17","modified_gmt":"2022-04-14T15:05:17","slug":"forty-new-and-old-rad-at-everyday-occurrences","status":"publish","type":"product","link":"https:\/\/kindart.is\/en\/vara\/forty-new-and-old-rad-at-everyday-occurrences\/","title":{"rendered":"Forty new and old tips for everyday events"},"content":{"rendered":"<p><strong>Forty new and old tips for everyday events<\/strong> by \u00d3skar \u00c1rni \u00d3skarsson. The book is sewn in volume and bound in white synthetic material. Size: 12.5 X 19.5 cm. 50 p.<\/p>\n<p><strong>Publishing and printing<\/strong> :<br \/>\nS\u00e6mundur Selfossi 2015. Design: Dav\u00ed\u00f0 \u00de\u00f3r Gu\u00f0laugsson. Printing: Svet Print.<\/p>\n","protected":false},"excerpt":{"rendered":"<p>Forty new and old tips for everyday events by \u00d3skar \u00c1rni \u00d3skarsson. The book is sewn in volume and bound in white synthetic material. Size: 12.5 X 19.5 cm. 50 p. Publishing and printing : S\u00e6mundur Selfossi 2015. Design: Dav\u00ed\u00f0 \u00de\u00f3r Gu\u00f0laugsson. Printing: Svet Print.<\/p>\n","protected":false},"featured_media":3790,"template":"","meta":{"slim_seo":{"title":"Forty new and old tips for everyday events - KindArt","description":"Forty new and old tips for everyday events by \u00d3skar \u00c1rni \u00d3skarsson. The book is sewn in volume and bound in white synthetic material. Size: 12.5 X 19.5 cm. 50 p"}},"product_brand":[],"product_cat":[83],"product_tag":[],"class_list":{"0":"post-3793","1":"product","2":"type-product","3":"status-publish","4":"has-post-thumbnail","6":"product_cat-books","7":"product_shipping_class-small-en","9":"first","10":"outofstock","11":"sold-individually","12":"purchasable","13":"product-type-simple"},"_links":{"self":[{"href":"https:\/\/kindart.is\/en\/wp-json\/wp\/v2\/product\/3793","targetHints":{"allow":["GET"]}}],"collection":[{"href":"https:\/\/kindart.is\/en\/wp-json\/wp\/v2\/product"}],"about":[{"href":"https:\/\/kindart.is\/en\/wp-json\/wp\/v2\/types\/product"}],"wp:featuredmedia":[{"embeddable":true,"href":"https:\/\/kindart.is\/en\/wp-json\/wp\/v2\/media\/3790"}],"wp:attachment":[{"href":"https:\/\/kindart.is\/en\/wp-json\/wp\/v2\/media?parent=3793"}],"wp:term":[{"taxonomy":"product_brand","embeddable":true,"href":"https:\/\/kindart.is\/en\/wp-json\/wp\/v2\/product_brand?post=3793"},{"taxonomy":"product_cat","embeddable":true,"href":"https:\/\/kindart.is\/en\/wp-json\/wp\/v2\/product_cat?post=3793"},{"taxonomy":"product_tag","embeddable":true,"href":"https:\/\/kindart.is\/en\/wp-json\/wp\/v2\/product_tag?post=3793"}],"curies":[{"name":"wp","href":"https:\/\/api.w.org\/{rel}","templated":true}]}}